{"id":6844,"date":"2018-01-16T09:21:48","date_gmt":"2018-01-16T08:21:48","guid":{"rendered":"https:\/\/kotaraoriginal.cz\/product\/opaque-bag-26x50-cm\/"},"modified":"2023-08-08T14:02:50","modified_gmt":"2023-08-08T12:02:50","slug":"opaque-sack-bag-photoresist-26x50-cm","status":"publish","type":"product","link":"https:\/\/kotaraoriginal.cz\/en\/product\/opaque-sack-bag-photoresist-26x50-cm\/","title":{"rendered":"Opaque bag for photoresist films &#8211; 26&#215;50 cm"},"content":{"rendered":"","protected":false},"excerpt":{"rendered":"<p>The bag is made of perfectly opaque material. Universal size for rolls of photoresist films or for A4 sheets.<\/p>\n<p>The bottom edge is sealed.<\/p>\n<p>inner width: 26 cm<\/p>\n<p>inner height after folding the upper edge: approx. 40 cm<\/p>\n","protected":false},"featured_media":7040,"comment_status":"open","ping_status":"closed","template":"","meta":[],"product_brand":[],"product_cat":[740],"product_tag":[],"class_list":{"0":"post-6844","1":"product","2":"type-product","3":"status-publish","4":"has-post-thumbnail","6":"product_cat-films-application","8":"first","9":"instock","10":"taxable","11":"shipping-taxable","12":"purchasable","13":"product-type-simple"},"yoast_head":"<!-- This site is optimized with the Yoast SEO plugin v27.5 - https:\/\/yoast.com\/product\/yoast-seo-wordpress\/ -->\n<title>Opaque bag for photoresist films - 26x50 cm &#8211; Kotara Original<\/title>\n<meta name=\"description\" content=\"Opaque bag for photoresist films - 26x50 cm\" \/>\n<meta name=\"robots\" content=\"index, follow, max-snippet:-1, max-image-preview:large, max-video-preview:-1\" \/>\n<link rel=\"canonical\" href=\"https:\/\/kotaraoriginal.cz\/en\/product\/opaque-sack-bag-photoresist-26x50-cm\/\" \/>\n<meta property=\"og:locale\" content=\"en_US\" \/>\n<meta property=\"og:type\" content=\"article\" \/>\n<meta property=\"og:title\" content=\"Opaque bag for photoresist films - 26x50 cm &#8211; Kotara Original\" \/>\n<meta property=\"og:description\" content=\"Opaque bag for photoresist films - 26x50 cm\" \/>\n<meta property=\"og:url\" content=\"https:\/\/kotaraoriginal.cz\/en\/product\/opaque-sack-bag-photoresist-26x50-cm\/\" \/>\n<meta property=\"og:site_name\" content=\"Kotara Original\" \/>\n<meta property=\"article:publisher\" content=\"https:\/\/www.facebook.com\/kotaraoriginal.cz\/\" \/>\n<meta property=\"article:modified_time\" content=\"2023-08-08T12:02:50+00:00\" \/>\n<meta property=\"og:image\" content=\"https:\/\/kotaraoriginal.cz\/wp-content\/uploads\/2018\/01\/Nepr\u016fsvitn\u00fd-s\u00e1\u010dek_pytel-26x55cm.jpg\" \/>\n\t<meta property=\"og:image:width\" content=\"1024\" \/>\n\t<meta property=\"og:image:height\" content=\"768\" \/>\n\t<meta property=\"og:image:type\" content=\"image\/jpeg\" \/>\n<meta name=\"twitter:card\" content=\"summary_large_image\" \/>\n<script type=\"application\/ld+json\" class=\"yoast-schema-graph\">{\"@context\":\"https:\\\/\\\/schema.org\",\"@graph\":[{\"@type\":\"WebPage\",\"@id\":\"https:\\\/\\\/kotaraoriginal.cz\\\/en\\\/product\\\/opaque-sack-bag-photoresist-26x50-cm\\\/\",\"url\":\"https:\\\/\\\/kotaraoriginal.cz\\\/en\\\/product\\\/opaque-sack-bag-photoresist-26x50-cm\\\/\",\"name\":\"Opaque bag for photoresist films - 26x50 cm &#8211; Kotara Original\",\"isPartOf\":{\"@id\":\"https:\\\/\\\/kotaraoriginal.cz\\\/en\\\/#website\"},\"primaryImageOfPage\":{\"@id\":\"https:\\\/\\\/kotaraoriginal.cz\\\/en\\\/product\\\/opaque-sack-bag-photoresist-26x50-cm\\\/#primaryimage\"},\"image\":{\"@id\":\"https:\\\/\\\/kotaraoriginal.cz\\\/en\\\/product\\\/opaque-sack-bag-photoresist-26x50-cm\\\/#primaryimage\"},\"thumbnailUrl\":\"https:\\\/\\\/kotaraoriginal.cz\\\/wp-content\\\/uploads\\\/2018\\\/01\\\/Nepr\u016fsvitn\u00fd-s\u00e1\u010dek_pytel-26x55cm.jpg\",\"datePublished\":\"2018-01-16T08:21:48+00:00\",\"dateModified\":\"2023-08-08T12:02:50+00:00\",\"description\":\"Opaque bag for photoresist films - 26x50 cm\",\"breadcrumb\":{\"@id\":\"https:\\\/\\\/kotaraoriginal.cz\\\/en\\\/product\\\/opaque-sack-bag-photoresist-26x50-cm\\\/#breadcrumb\"},\"inLanguage\":\"en-US\",\"potentialAction\":[{\"@type\":\"ReadAction\",\"target\":[\"https:\\\/\\\/kotaraoriginal.cz\\\/en\\\/product\\\/opaque-sack-bag-photoresist-26x50-cm\\\/\"]}]},{\"@type\":\"ImageObject\",\"inLanguage\":\"en-US\",\"@id\":\"https:\\\/\\\/kotaraoriginal.cz\\\/en\\\/product\\\/opaque-sack-bag-photoresist-26x50-cm\\\/#primaryimage\",\"url\":\"https:\\\/\\\/kotaraoriginal.cz\\\/wp-content\\\/uploads\\\/2018\\\/01\\\/Nepr\u016fsvitn\u00fd-s\u00e1\u010dek_pytel-26x55cm.jpg\",\"contentUrl\":\"https:\\\/\\\/kotaraoriginal.cz\\\/wp-content\\\/uploads\\\/2018\\\/01\\\/Nepr\u016fsvitn\u00fd-s\u00e1\u010dek_pytel-26x55cm.jpg\",\"width\":1024,\"height\":768,\"caption\":\"Opaque bag - 26 x 50 cm\"},{\"@type\":\"BreadcrumbList\",\"@id\":\"https:\\\/\\\/kotaraoriginal.cz\\\/en\\\/product\\\/opaque-sack-bag-photoresist-26x50-cm\\\/#breadcrumb\",\"itemListElement\":[{\"@type\":\"ListItem\",\"position\":1,\"name\":\"Dom\u016f\",\"item\":\"https:\\\/\\\/kotaraoriginal.cz\\\/en\\\/\"},{\"@type\":\"ListItem\",\"position\":2,\"name\":\"Offer\",\"item\":\"https:\\\/\\\/kotaraoriginal.cz\\\/en\\\/offer\\\/\"},{\"@type\":\"ListItem\",\"position\":3,\"name\":\"Opaque bag for photoresist films &#8211; 26&#215;50 cm\"}]},{\"@type\":\"WebSite\",\"@id\":\"https:\\\/\\\/kotaraoriginal.cz\\\/en\\\/#website\",\"url\":\"https:\\\/\\\/kotaraoriginal.cz\\\/en\\\/\",\"name\":\"Ko\u0165ara\",\"description\":\"RAYZIST Photomask films, masksmaking, sandblasted logos on glass gifts\",\"publisher\":{\"@id\":\"https:\\\/\\\/kotaraoriginal.cz\\\/en\\\/#organization\"},\"alternateName\":\"UV-fotocitliv\u00e9 p\u00edskovac\u00ed f\u00f3lie RAYZIST Photomask\",\"potentialAction\":[{\"@type\":\"SearchAction\",\"target\":{\"@type\":\"EntryPoint\",\"urlTemplate\":\"https:\\\/\\\/kotaraoriginal.cz\\\/en\\\/?s={search_term_string}\"},\"query-input\":{\"@type\":\"PropertyValueSpecification\",\"valueRequired\":true,\"valueName\":\"search_term_string\"}}],\"inLanguage\":\"en-US\"},{\"@type\":\"Organization\",\"@id\":\"https:\\\/\\\/kotaraoriginal.cz\\\/en\\\/#organization\",\"name\":\"Kotara s.r.o. - UV-p\u00edskovac\u00ed foto-f\u00f3lie RAYZIST Photomask\",\"alternateName\":\"Kotara s.r.o.\",\"url\":\"https:\\\/\\\/kotaraoriginal.cz\\\/en\\\/\",\"logo\":{\"@type\":\"ImageObject\",\"inLanguage\":\"en-US\",\"@id\":\"https:\\\/\\\/kotaraoriginal.cz\\\/en\\\/#\\\/schema\\\/logo\\\/image\\\/\",\"url\":\"\",\"contentUrl\":\"\",\"caption\":\"Kotara s.r.o. - UV-p\u00edskovac\u00ed foto-f\u00f3lie RAYZIST Photomask\"},\"image\":{\"@id\":\"https:\\\/\\\/kotaraoriginal.cz\\\/en\\\/#\\\/schema\\\/logo\\\/image\\\/\"},\"sameAs\":[\"https:\\\/\\\/www.facebook.com\\\/kotaraoriginal.cz\\\/\",\"https:\\\/\\\/www.instagram.com\\\/kotaraoriginal\\\/\",\"https:\\\/\\\/www.linkedin.com\\\/company\\\/kotara-s.r.o.\",\"https:\\\/\\\/cz.pinterest.com\\\/kotaraoriginal\\\/\"]}]}<\/script>\n<!-- \/ Yoast SEO plugin. -->","yoast_head_json":{"title":"Opaque bag for photoresist films - 26x50 cm &#8211; Kotara Original","description":"Opaque bag for photoresist films - 26x50 cm","robots":{"index":"index","follow":"follow","max-snippet":"max-snippet:-1","max-image-preview":"max-image-preview:large","max-video-preview":"max-video-preview:-1"},"canonical":"https:\/\/kotaraoriginal.cz\/en\/product\/opaque-sack-bag-photoresist-26x50-cm\/","og_locale":"en_US","og_type":"article","og_title":"Opaque bag for photoresist films - 26x50 cm &#8211; Kotara Original","og_description":"Opaque bag for photoresist films - 26x50 cm","og_url":"https:\/\/kotaraoriginal.cz\/en\/product\/opaque-sack-bag-photoresist-26x50-cm\/","og_site_name":"Kotara Original","article_publisher":"https:\/\/www.facebook.com\/kotaraoriginal.cz\/","article_modified_time":"2023-08-08T12:02:50+00:00","og_image":[{"width":1024,"height":768,"url":"https:\/\/kotaraoriginal.cz\/wp-content\/uploads\/2018\/01\/Nepr\u016fsvitn\u00fd-s\u00e1\u010dek_pytel-26x55cm.jpg","type":"image\/jpeg"}],"twitter_card":"summary_large_image","schema":{"@context":"https:\/\/schema.org","@graph":[{"@type":"WebPage","@id":"https:\/\/kotaraoriginal.cz\/en\/product\/opaque-sack-bag-photoresist-26x50-cm\/","url":"https:\/\/kotaraoriginal.cz\/en\/product\/opaque-sack-bag-photoresist-26x50-cm\/","name":"Opaque bag for photoresist films - 26x50 cm &#8211; Kotara Original","isPartOf":{"@id":"https:\/\/kotaraoriginal.cz\/en\/#website"},"primaryImageOfPage":{"@id":"https:\/\/kotaraoriginal.cz\/en\/product\/opaque-sack-bag-photoresist-26x50-cm\/#primaryimage"},"image":{"@id":"https:\/\/kotaraoriginal.cz\/en\/product\/opaque-sack-bag-photoresist-26x50-cm\/#primaryimage"},"thumbnailUrl":"https:\/\/kotaraoriginal.cz\/wp-content\/uploads\/2018\/01\/Nepr\u016fsvitn\u00fd-s\u00e1\u010dek_pytel-26x55cm.jpg","datePublished":"2018-01-16T08:21:48+00:00","dateModified":"2023-08-08T12:02:50+00:00","description":"Opaque bag for photoresist films - 26x50 cm","breadcrumb":{"@id":"https:\/\/kotaraoriginal.cz\/en\/product\/opaque-sack-bag-photoresist-26x50-cm\/#breadcrumb"},"inLanguage":"en-US","potentialAction":[{"@type":"ReadAction","target":["https:\/\/kotaraoriginal.cz\/en\/product\/opaque-sack-bag-photoresist-26x50-cm\/"]}]},{"@type":"ImageObject","inLanguage":"en-US","@id":"https:\/\/kotaraoriginal.cz\/en\/product\/opaque-sack-bag-photoresist-26x50-cm\/#primaryimage","url":"https:\/\/kotaraoriginal.cz\/wp-content\/uploads\/2018\/01\/Nepr\u016fsvitn\u00fd-s\u00e1\u010dek_pytel-26x55cm.jpg","contentUrl":"https:\/\/kotaraoriginal.cz\/wp-content\/uploads\/2018\/01\/Nepr\u016fsvitn\u00fd-s\u00e1\u010dek_pytel-26x55cm.jpg","width":1024,"height":768,"caption":"Opaque bag - 26 x 50 cm"},{"@type":"BreadcrumbList","@id":"https:\/\/kotaraoriginal.cz\/en\/product\/opaque-sack-bag-photoresist-26x50-cm\/#breadcrumb","itemListElement":[{"@type":"ListItem","position":1,"name":"Dom\u016f","item":"https:\/\/kotaraoriginal.cz\/en\/"},{"@type":"ListItem","position":2,"name":"Offer","item":"https:\/\/kotaraoriginal.cz\/en\/offer\/"},{"@type":"ListItem","position":3,"name":"Opaque bag for photoresist films &#8211; 26&#215;50 cm"}]},{"@type":"WebSite","@id":"https:\/\/kotaraoriginal.cz\/en\/#website","url":"https:\/\/kotaraoriginal.cz\/en\/","name":"Ko\u0165ara","description":"RAYZIST Photomask films, masksmaking, sandblasted logos on glass gifts","publisher":{"@id":"https:\/\/kotaraoriginal.cz\/en\/#organization"},"alternateName":"UV-fotocitliv\u00e9 p\u00edskovac\u00ed f\u00f3lie RAYZIST Photomask","potentialAction":[{"@type":"SearchAction","target":{"@type":"EntryPoint","urlTemplate":"https:\/\/kotaraoriginal.cz\/en\/?s={search_term_string}"},"query-input":{"@type":"PropertyValueSpecification","valueRequired":true,"valueName":"search_term_string"}}],"inLanguage":"en-US"},{"@type":"Organization","@id":"https:\/\/kotaraoriginal.cz\/en\/#organization","name":"Kotara s.r.o. - UV-p\u00edskovac\u00ed foto-f\u00f3lie RAYZIST Photomask","alternateName":"Kotara s.r.o.","url":"https:\/\/kotaraoriginal.cz\/en\/","logo":{"@type":"ImageObject","inLanguage":"en-US","@id":"https:\/\/kotaraoriginal.cz\/en\/#\/schema\/logo\/image\/","url":"","contentUrl":"","caption":"Kotara s.r.o. - UV-p\u00edskovac\u00ed foto-f\u00f3lie RAYZIST Photomask"},"image":{"@id":"https:\/\/kotaraoriginal.cz\/en\/#\/schema\/logo\/image\/"},"sameAs":["https:\/\/www.facebook.com\/kotaraoriginal.cz\/","https:\/\/www.instagram.com\/kotaraoriginal\/","https:\/\/www.linkedin.com\/company\/kotara-s.r.o.","https:\/\/cz.pinterest.com\/kotaraoriginal\/"]}]}},"_links":{"self":[{"href":"https:\/\/kotaraoriginal.cz\/en\/wp-json\/wp\/v2\/product\/6844","targetHints":{"allow":["GET"]}}],"collection":[{"href":"https:\/\/kotaraoriginal.cz\/en\/wp-json\/wp\/v2\/product"}],"about":[{"href":"https:\/\/kotaraoriginal.cz\/en\/wp-json\/wp\/v2\/types\/product"}],"replies":[{"embeddable":true,"href":"https:\/\/kotaraoriginal.cz\/en\/wp-json\/wp\/v2\/comments?post=6844"}],"wp:featuredmedia":[{"embeddable":true,"href":"https:\/\/kotaraoriginal.cz\/en\/wp-json\/wp\/v2\/media\/7040"}],"wp:attachment":[{"href":"https:\/\/kotaraoriginal.cz\/en\/wp-json\/wp\/v2\/media?parent=6844"}],"wp:term":[{"taxonomy":"product_brand","embeddable":true,"href":"https:\/\/kotaraoriginal.cz\/en\/wp-json\/wp\/v2\/product_brand?post=6844"},{"taxonomy":"product_cat","embeddable":true,"href":"https:\/\/kotaraoriginal.cz\/en\/wp-json\/wp\/v2\/product_cat?post=6844"},{"taxonomy":"product_tag","embeddable":true,"href":"https:\/\/kotaraoriginal.cz\/en\/wp-json\/wp\/v2\/product_tag?post=6844"}],"curies":[{"name":"wp","href":"https:\/\/api.w.org\/{rel}","templated":true}]}}