{"id":6787,"date":"2017-01-23T20:53:24","date_gmt":"2017-01-23T19:53:24","guid":{"rendered":"https:\/\/kotaraoriginal.cz\/product\/100-sheets-a4-laserjet-super-film\/"},"modified":"2023-08-09T11:31:30","modified_gmt":"2023-08-09T09:31:30","slug":"a4-laserjet-100-sheet","status":"publish","type":"product","link":"https:\/\/kotaraoriginal.cz\/en\/product\/a4-laserjet-100-sheet\/","title":{"rendered":"100 sheets of A4 &#8211; LaserJet foil"},"content":{"rendered":"","protected":false},"excerpt":{"rendered":"<p>Foils for printing templates in laser printers.<\/p>\n<p>Prints from laser printers must be additionally compacted and made opaque with a print darkener. Darkener of toner usually only work on laser toners for HP printers. It is illustrated in this <a href=\"https:\/\/kotaraoriginal.cz\/tisk-z-laserove-tiskarny-je-nutne-dokonale-zneprusvitnit\/\" target=\"_blank\" rel=\"noopener\">instructional video.<\/a><\/p>\n","protected":false},"featured_media":6961,"comment_status":"open","ping_status":"closed","template":"","meta":[],"product_brand":[],"product_cat":[720,716],"product_tag":[],"class_list":{"0":"post-6787","1":"product","2":"type-product","3":"status-publish","4":"has-post-thumbnail","6":"product_cat-laserjet","7":"product_cat-vellum","9":"first","10":"instock","11":"taxable","12":"shipping-taxable","13":"purchasable","14":"product-type-simple"},"yoast_head":"<!-- This site is optimized with the Yoast SEO plugin v27.5 - https:\/\/yoast.com\/product\/yoast-seo-wordpress\/ -->\n<title>Laser printer film for printing exposure templates<\/title>\n<meta name=\"description\" content=\"A larger package of foils for printing templates in a laser printer for exposing photoresist films for the production of sandblasting masks.\" \/>\n<meta name=\"robots\" content=\"index, follow, max-snippet:-1, max-image-preview:large, max-video-preview:-1\" \/>\n<link rel=\"canonical\" href=\"https:\/\/kotaraoriginal.cz\/en\/product\/a4-laserjet-100-sheet\/\" \/>\n<meta property=\"og:locale\" content=\"en_US\" \/>\n<meta property=\"og:type\" content=\"article\" \/>\n<meta property=\"og:title\" content=\"Laser printer film for printing exposure templates\" \/>\n<meta property=\"og:description\" content=\"A larger package of foils for printing templates in a laser printer for exposing photoresist films for the production of sandblasting masks.\" \/>\n<meta property=\"og:url\" content=\"https:\/\/kotaraoriginal.cz\/en\/product\/a4-laserjet-100-sheet\/\" \/>\n<meta property=\"og:site_name\" content=\"Kotara Original\" \/>\n<meta property=\"article:publisher\" content=\"https:\/\/www.facebook.com\/kotaraoriginal.cz\/\" \/>\n<meta property=\"article:modified_time\" content=\"2023-08-09T09:31:30+00:00\" \/>\n<meta property=\"og:image\" content=\"https:\/\/kotaraoriginal.cz\/wp-content\/uploads\/2017\/01\/A4-Sheets-LaserJet-Super-Vellum-Near-Acetate-Quality-The-Best_100-Sheet-Pack.jpg\" \/>\n\t<meta property=\"og:image:width\" content=\"500\" \/>\n\t<meta property=\"og:image:height\" content=\"500\" \/>\n\t<meta property=\"og:image:type\" content=\"image\/jpeg\" \/>\n<meta name=\"twitter:card\" content=\"summary_large_image\" \/>\n<script type=\"application\/ld+json\" class=\"yoast-schema-graph\">{\"@context\":\"https:\\\/\\\/schema.org\",\"@graph\":[{\"@type\":\"WebPage\",\"@id\":\"https:\\\/\\\/kotaraoriginal.cz\\\/en\\\/product\\\/a4-laserjet-100-sheet\\\/\",\"url\":\"https:\\\/\\\/kotaraoriginal.cz\\\/en\\\/product\\\/a4-laserjet-100-sheet\\\/\",\"name\":\"Laser printer film for printing exposure templates\",\"isPartOf\":{\"@id\":\"https:\\\/\\\/kotaraoriginal.cz\\\/en\\\/#website\"},\"primaryImageOfPage\":{\"@id\":\"https:\\\/\\\/kotaraoriginal.cz\\\/en\\\/product\\\/a4-laserjet-100-sheet\\\/#primaryimage\"},\"image\":{\"@id\":\"https:\\\/\\\/kotaraoriginal.cz\\\/en\\\/product\\\/a4-laserjet-100-sheet\\\/#primaryimage\"},\"thumbnailUrl\":\"https:\\\/\\\/kotaraoriginal.cz\\\/wp-content\\\/uploads\\\/2017\\\/01\\\/A4-Sheets-LaserJet-Super-Vellum-Near-Acetate-Quality-The-Best_100-Sheet-Pack.jpg\",\"datePublished\":\"2017-01-23T19:53:24+00:00\",\"dateModified\":\"2023-08-09T09:31:30+00:00\",\"description\":\"A larger package of foils for printing templates in a laser printer for exposing photoresist films for the production of sandblasting masks.\",\"breadcrumb\":{\"@id\":\"https:\\\/\\\/kotaraoriginal.cz\\\/en\\\/product\\\/a4-laserjet-100-sheet\\\/#breadcrumb\"},\"inLanguage\":\"en-US\",\"potentialAction\":[{\"@type\":\"ReadAction\",\"target\":[\"https:\\\/\\\/kotaraoriginal.cz\\\/en\\\/product\\\/a4-laserjet-100-sheet\\\/\"]}]},{\"@type\":\"ImageObject\",\"inLanguage\":\"en-US\",\"@id\":\"https:\\\/\\\/kotaraoriginal.cz\\\/en\\\/product\\\/a4-laserjet-100-sheet\\\/#primaryimage\",\"url\":\"https:\\\/\\\/kotaraoriginal.cz\\\/wp-content\\\/uploads\\\/2017\\\/01\\\/A4-Sheets-LaserJet-Super-Vellum-Near-Acetate-Quality-The-Best_100-Sheet-Pack.jpg\",\"contentUrl\":\"https:\\\/\\\/kotaraoriginal.cz\\\/wp-content\\\/uploads\\\/2017\\\/01\\\/A4-Sheets-LaserJet-Super-Vellum-Near-Acetate-Quality-The-Best_100-Sheet-Pack.jpg\",\"width\":500,\"height\":500,\"caption\":\"A4 LaserJet Super foil 100 sheets for printing originals in laser printers\"},{\"@type\":\"BreadcrumbList\",\"@id\":\"https:\\\/\\\/kotaraoriginal.cz\\\/en\\\/product\\\/a4-laserjet-100-sheet\\\/#breadcrumb\",\"itemListElement\":[{\"@type\":\"ListItem\",\"position\":1,\"name\":\"Dom\u016f\",\"item\":\"https:\\\/\\\/kotaraoriginal.cz\\\/en\\\/\"},{\"@type\":\"ListItem\",\"position\":2,\"name\":\"Offer\",\"item\":\"https:\\\/\\\/kotaraoriginal.cz\\\/en\\\/offer\\\/\"},{\"@type\":\"ListItem\",\"position\":3,\"name\":\"100 sheets of A4 &#8211; LaserJet foil\"}]},{\"@type\":\"WebSite\",\"@id\":\"https:\\\/\\\/kotaraoriginal.cz\\\/en\\\/#website\",\"url\":\"https:\\\/\\\/kotaraoriginal.cz\\\/en\\\/\",\"name\":\"Ko\u0165ara\",\"description\":\"RAYZIST Photomask films, masksmaking, sandblasted logos on glass gifts\",\"publisher\":{\"@id\":\"https:\\\/\\\/kotaraoriginal.cz\\\/en\\\/#organization\"},\"alternateName\":\"UV-fotocitliv\u00e9 p\u00edskovac\u00ed f\u00f3lie RAYZIST Photomask\",\"potentialAction\":[{\"@type\":\"SearchAction\",\"target\":{\"@type\":\"EntryPoint\",\"urlTemplate\":\"https:\\\/\\\/kotaraoriginal.cz\\\/en\\\/?s={search_term_string}\"},\"query-input\":{\"@type\":\"PropertyValueSpecification\",\"valueRequired\":true,\"valueName\":\"search_term_string\"}}],\"inLanguage\":\"en-US\"},{\"@type\":\"Organization\",\"@id\":\"https:\\\/\\\/kotaraoriginal.cz\\\/en\\\/#organization\",\"name\":\"Kotara s.r.o. - UV-p\u00edskovac\u00ed foto-f\u00f3lie RAYZIST Photomask\",\"alternateName\":\"Kotara s.r.o.\",\"url\":\"https:\\\/\\\/kotaraoriginal.cz\\\/en\\\/\",\"logo\":{\"@type\":\"ImageObject\",\"inLanguage\":\"en-US\",\"@id\":\"https:\\\/\\\/kotaraoriginal.cz\\\/en\\\/#\\\/schema\\\/logo\\\/image\\\/\",\"url\":\"\",\"contentUrl\":\"\",\"caption\":\"Kotara s.r.o. - UV-p\u00edskovac\u00ed foto-f\u00f3lie RAYZIST Photomask\"},\"image\":{\"@id\":\"https:\\\/\\\/kotaraoriginal.cz\\\/en\\\/#\\\/schema\\\/logo\\\/image\\\/\"},\"sameAs\":[\"https:\\\/\\\/www.facebook.com\\\/kotaraoriginal.cz\\\/\",\"https:\\\/\\\/www.instagram.com\\\/kotaraoriginal\\\/\",\"https:\\\/\\\/www.linkedin.com\\\/company\\\/kotara-s.r.o.\",\"https:\\\/\\\/cz.pinterest.com\\\/kotaraoriginal\\\/\"]}]}<\/script>\n<!-- \/ Yoast SEO plugin. -->","yoast_head_json":{"title":"Laser printer film for printing exposure templates","description":"A larger package of foils for printing templates in a laser printer for exposing photoresist films for the production of sandblasting masks.","robots":{"index":"index","follow":"follow","max-snippet":"max-snippet:-1","max-image-preview":"max-image-preview:large","max-video-preview":"max-video-preview:-1"},"canonical":"https:\/\/kotaraoriginal.cz\/en\/product\/a4-laserjet-100-sheet\/","og_locale":"en_US","og_type":"article","og_title":"Laser printer film for printing exposure templates","og_description":"A larger package of foils for printing templates in a laser printer for exposing photoresist films for the production of sandblasting masks.","og_url":"https:\/\/kotaraoriginal.cz\/en\/product\/a4-laserjet-100-sheet\/","og_site_name":"Kotara Original","article_publisher":"https:\/\/www.facebook.com\/kotaraoriginal.cz\/","article_modified_time":"2023-08-09T09:31:30+00:00","og_image":[{"width":500,"height":500,"url":"https:\/\/kotaraoriginal.cz\/wp-content\/uploads\/2017\/01\/A4-Sheets-LaserJet-Super-Vellum-Near-Acetate-Quality-The-Best_100-Sheet-Pack.jpg","type":"image\/jpeg"}],"twitter_card":"summary_large_image","schema":{"@context":"https:\/\/schema.org","@graph":[{"@type":"WebPage","@id":"https:\/\/kotaraoriginal.cz\/en\/product\/a4-laserjet-100-sheet\/","url":"https:\/\/kotaraoriginal.cz\/en\/product\/a4-laserjet-100-sheet\/","name":"Laser printer film for printing exposure templates","isPartOf":{"@id":"https:\/\/kotaraoriginal.cz\/en\/#website"},"primaryImageOfPage":{"@id":"https:\/\/kotaraoriginal.cz\/en\/product\/a4-laserjet-100-sheet\/#primaryimage"},"image":{"@id":"https:\/\/kotaraoriginal.cz\/en\/product\/a4-laserjet-100-sheet\/#primaryimage"},"thumbnailUrl":"https:\/\/kotaraoriginal.cz\/wp-content\/uploads\/2017\/01\/A4-Sheets-LaserJet-Super-Vellum-Near-Acetate-Quality-The-Best_100-Sheet-Pack.jpg","datePublished":"2017-01-23T19:53:24+00:00","dateModified":"2023-08-09T09:31:30+00:00","description":"A larger package of foils for printing templates in a laser printer for exposing photoresist films for the production of sandblasting masks.","breadcrumb":{"@id":"https:\/\/kotaraoriginal.cz\/en\/product\/a4-laserjet-100-sheet\/#breadcrumb"},"inLanguage":"en-US","potentialAction":[{"@type":"ReadAction","target":["https:\/\/kotaraoriginal.cz\/en\/product\/a4-laserjet-100-sheet\/"]}]},{"@type":"ImageObject","inLanguage":"en-US","@id":"https:\/\/kotaraoriginal.cz\/en\/product\/a4-laserjet-100-sheet\/#primaryimage","url":"https:\/\/kotaraoriginal.cz\/wp-content\/uploads\/2017\/01\/A4-Sheets-LaserJet-Super-Vellum-Near-Acetate-Quality-The-Best_100-Sheet-Pack.jpg","contentUrl":"https:\/\/kotaraoriginal.cz\/wp-content\/uploads\/2017\/01\/A4-Sheets-LaserJet-Super-Vellum-Near-Acetate-Quality-The-Best_100-Sheet-Pack.jpg","width":500,"height":500,"caption":"A4 LaserJet Super foil 100 sheets for printing originals in laser printers"},{"@type":"BreadcrumbList","@id":"https:\/\/kotaraoriginal.cz\/en\/product\/a4-laserjet-100-sheet\/#breadcrumb","itemListElement":[{"@type":"ListItem","position":1,"name":"Dom\u016f","item":"https:\/\/kotaraoriginal.cz\/en\/"},{"@type":"ListItem","position":2,"name":"Offer","item":"https:\/\/kotaraoriginal.cz\/en\/offer\/"},{"@type":"ListItem","position":3,"name":"100 sheets of A4 &#8211; LaserJet foil"}]},{"@type":"WebSite","@id":"https:\/\/kotaraoriginal.cz\/en\/#website","url":"https:\/\/kotaraoriginal.cz\/en\/","name":"Ko\u0165ara","description":"RAYZIST Photomask films, masksmaking, sandblasted logos on glass gifts","publisher":{"@id":"https:\/\/kotaraoriginal.cz\/en\/#organization"},"alternateName":"UV-fotocitliv\u00e9 p\u00edskovac\u00ed f\u00f3lie RAYZIST Photomask","potentialAction":[{"@type":"SearchAction","target":{"@type":"EntryPoint","urlTemplate":"https:\/\/kotaraoriginal.cz\/en\/?s={search_term_string}"},"query-input":{"@type":"PropertyValueSpecification","valueRequired":true,"valueName":"search_term_string"}}],"inLanguage":"en-US"},{"@type":"Organization","@id":"https:\/\/kotaraoriginal.cz\/en\/#organization","name":"Kotara s.r.o. - UV-p\u00edskovac\u00ed foto-f\u00f3lie RAYZIST Photomask","alternateName":"Kotara s.r.o.","url":"https:\/\/kotaraoriginal.cz\/en\/","logo":{"@type":"ImageObject","inLanguage":"en-US","@id":"https:\/\/kotaraoriginal.cz\/en\/#\/schema\/logo\/image\/","url":"","contentUrl":"","caption":"Kotara s.r.o. - UV-p\u00edskovac\u00ed foto-f\u00f3lie RAYZIST Photomask"},"image":{"@id":"https:\/\/kotaraoriginal.cz\/en\/#\/schema\/logo\/image\/"},"sameAs":["https:\/\/www.facebook.com\/kotaraoriginal.cz\/","https:\/\/www.instagram.com\/kotaraoriginal\/","https:\/\/www.linkedin.com\/company\/kotara-s.r.o.","https:\/\/cz.pinterest.com\/kotaraoriginal\/"]}]}},"_links":{"self":[{"href":"https:\/\/kotaraoriginal.cz\/en\/wp-json\/wp\/v2\/product\/6787","targetHints":{"allow":["GET"]}}],"collection":[{"href":"https:\/\/kotaraoriginal.cz\/en\/wp-json\/wp\/v2\/product"}],"about":[{"href":"https:\/\/kotaraoriginal.cz\/en\/wp-json\/wp\/v2\/types\/product"}],"replies":[{"embeddable":true,"href":"https:\/\/kotaraoriginal.cz\/en\/wp-json\/wp\/v2\/comments?post=6787"}],"wp:featuredmedia":[{"embeddable":true,"href":"https:\/\/kotaraoriginal.cz\/en\/wp-json\/wp\/v2\/media\/6961"}],"wp:attachment":[{"href":"https:\/\/kotaraoriginal.cz\/en\/wp-json\/wp\/v2\/media?parent=6787"}],"wp:term":[{"taxonomy":"product_brand","embeddable":true,"href":"https:\/\/kotaraoriginal.cz\/en\/wp-json\/wp\/v2\/product_brand?post=6787"},{"taxonomy":"product_cat","embeddable":true,"href":"https:\/\/kotaraoriginal.cz\/en\/wp-json\/wp\/v2\/product_cat?post=6787"},{"taxonomy":"product_tag","embeddable":true,"href":"https:\/\/kotaraoriginal.cz\/en\/wp-json\/wp\/v2\/product_tag?post=6787"}],"curies":[{"name":"wp","href":"https:\/\/api.w.org\/{rel}","templated":true}]}}