{"id":6775,"date":"2016-11-11T17:37:28","date_gmt":"2016-11-11T16:37:28","guid":{"rendered":"https:\/\/kotaraoriginal.cz\/product\/305m-x-305cm-x-76%c2%b5m-photoresist-film-rayzist-photomask\/"},"modified":"2024-02-09T13:51:40","modified_gmt":"2024-02-09T12:51:40","slug":"305m-x-305cm-x-76%c2%b5m-photoresist-film-rayzist-photomask","status":"publish","type":"product","link":"https:\/\/kotaraoriginal.cz\/en\/product\/305m-x-305cm-x-76%c2%b5m-photoresist-film-rayzist-photomask\/","title":{"rendered":"30.5m x 30.5cm x 76\u00b5m (3mil) sandblastable UV photo-sensitive film RAYZIST Photomask"},"content":{"rendered":"","protected":false},"excerpt":{"rendered":"<p>Self-adhesive washable UV-photosensitive film SR3000 from <strong>RAYZIST Photomask.<\/strong><\/p>\n<ul>\n<li>76 micron (3 mil) thickness<\/li>\n<li>width 30.5 cm (12&#8243; inches)<\/li>\n<li>Length 30,48 m (100&#8242; stop)<\/li>\n<li>weight 2 kg<\/li>\n<\/ul>\n","protected":false},"featured_media":6918,"comment_status":"closed","ping_status":"closed","template":"","meta":[],"product_brand":[],"product_cat":[722,724,718],"product_tag":[],"class_list":{"0":"post-6775","1":"product","2":"type-product","3":"status-publish","4":"has-post-thumbnail","6":"product_cat-3mil-76m","7":"product_cat-photomask-for-sandblasting","8":"product_cat-roll","10":"first","11":"instock","12":"featured","13":"taxable","14":"shipping-taxable","15":"purchasable","16":"product-type-simple"},"yoast_head":"<!-- This site is optimized with the Yoast SEO plugin v27.6 - https:\/\/yoast.com\/product\/yoast-seo-wordpress\/ -->\n<title>30.5m x 30.5cm x 76\u00b5m (3mil) sandblastable UV photo-sensitive film RAYZIST Photomask &#8211; Kotara Original<\/title>\n<meta name=\"description\" content=\"The most widely used UV photosensitive sandblasting film R3 for sandblasting glass and other materials.\" \/>\n<meta name=\"robots\" content=\"index, follow, max-snippet:-1, max-image-preview:large, max-video-preview:-1\" \/>\n<link rel=\"canonical\" href=\"https:\/\/kotaraoriginal.cz\/en\/product\/305m-x-305cm-x-76%c2%b5m-photoresist-film-rayzist-photomask\/\" \/>\n<meta property=\"og:locale\" content=\"en_US\" \/>\n<meta property=\"og:type\" content=\"article\" \/>\n<meta property=\"og:title\" content=\"30.5m x 30.5cm x 76\u00b5m (3mil) sandblastable UV photo-sensitive film RAYZIST Photomask &#8211; Kotara Original\" \/>\n<meta property=\"og:description\" content=\"The most widely used UV photosensitive sandblasting film R3 for sandblasting glass and other materials.\" \/>\n<meta property=\"og:url\" content=\"https:\/\/kotaraoriginal.cz\/en\/product\/305m-x-305cm-x-76%c2%b5m-photoresist-film-rayzist-photomask\/\" \/>\n<meta property=\"og:site_name\" content=\"Kotara Original\" \/>\n<meta property=\"article:publisher\" content=\"https:\/\/www.facebook.com\/kotaraoriginal.cz\/\" \/>\n<meta property=\"article:modified_time\" content=\"2024-02-09T12:51:40+00:00\" \/>\n<meta property=\"og:image\" content=\"https:\/\/kotaraoriginal.cz\/wp-content\/uploads\/2017\/01\/3mil-Rayzist-SR3000_12inch-x-100feet-roll.jpg\" \/>\n\t<meta property=\"og:image:width\" content=\"500\" \/>\n\t<meta property=\"og:image:height\" content=\"500\" \/>\n\t<meta property=\"og:image:type\" content=\"image\/jpeg\" \/>\n<meta name=\"twitter:card\" content=\"summary_large_image\" \/>\n<script type=\"application\/ld+json\" class=\"yoast-schema-graph\">{\"@context\":\"https:\\\/\\\/schema.org\",\"@graph\":[{\"@type\":\"WebPage\",\"@id\":\"https:\\\/\\\/kotaraoriginal.cz\\\/en\\\/product\\\/305m-x-305cm-x-76%c2%b5m-photoresist-film-rayzist-photomask\\\/\",\"url\":\"https:\\\/\\\/kotaraoriginal.cz\\\/en\\\/product\\\/305m-x-305cm-x-76%c2%b5m-photoresist-film-rayzist-photomask\\\/\",\"name\":\"30.5m x 30.5cm x 76\u00b5m (3mil) sandblastable UV photo-sensitive film RAYZIST Photomask &#8211; Kotara Original\",\"isPartOf\":{\"@id\":\"https:\\\/\\\/kotaraoriginal.cz\\\/en\\\/#website\"},\"primaryImageOfPage\":{\"@id\":\"https:\\\/\\\/kotaraoriginal.cz\\\/en\\\/product\\\/305m-x-305cm-x-76%c2%b5m-photoresist-film-rayzist-photomask\\\/#primaryimage\"},\"image\":{\"@id\":\"https:\\\/\\\/kotaraoriginal.cz\\\/en\\\/product\\\/305m-x-305cm-x-76%c2%b5m-photoresist-film-rayzist-photomask\\\/#primaryimage\"},\"thumbnailUrl\":\"https:\\\/\\\/kotaraoriginal.cz\\\/wp-content\\\/uploads\\\/2017\\\/01\\\/3mil-Rayzist-SR3000_12inch-x-100feet-roll.jpg\",\"datePublished\":\"2016-11-11T16:37:28+00:00\",\"dateModified\":\"2024-02-09T12:51:40+00:00\",\"description\":\"The most widely used UV photosensitive sandblasting film R3 for sandblasting glass and other materials.\",\"breadcrumb\":{\"@id\":\"https:\\\/\\\/kotaraoriginal.cz\\\/en\\\/product\\\/305m-x-305cm-x-76%c2%b5m-photoresist-film-rayzist-photomask\\\/#breadcrumb\"},\"inLanguage\":\"en-US\",\"potentialAction\":[{\"@type\":\"ReadAction\",\"target\":[\"https:\\\/\\\/kotaraoriginal.cz\\\/en\\\/product\\\/305m-x-305cm-x-76%c2%b5m-photoresist-film-rayzist-photomask\\\/\"]}]},{\"@type\":\"ImageObject\",\"inLanguage\":\"en-US\",\"@id\":\"https:\\\/\\\/kotaraoriginal.cz\\\/en\\\/product\\\/305m-x-305cm-x-76%c2%b5m-photoresist-film-rayzist-photomask\\\/#primaryimage\",\"url\":\"https:\\\/\\\/kotaraoriginal.cz\\\/wp-content\\\/uploads\\\/2017\\\/01\\\/3mil-Rayzist-SR3000_12inch-x-100feet-roll.jpg\",\"contentUrl\":\"https:\\\/\\\/kotaraoriginal.cz\\\/wp-content\\\/uploads\\\/2017\\\/01\\\/3mil-Rayzist-SR3000_12inch-x-100feet-roll.jpg\",\"width\":500,\"height\":500,\"caption\":\"Roll of UV-sensitive film RAYZIST SR3000 76mic, 30,6cm x 30,48m\"},{\"@type\":\"BreadcrumbList\",\"@id\":\"https:\\\/\\\/kotaraoriginal.cz\\\/en\\\/product\\\/305m-x-305cm-x-76%c2%b5m-photoresist-film-rayzist-photomask\\\/#breadcrumb\",\"itemListElement\":[{\"@type\":\"ListItem\",\"position\":1,\"name\":\"Dom\u016f\",\"item\":\"https:\\\/\\\/kotaraoriginal.cz\\\/en\\\/\"},{\"@type\":\"ListItem\",\"position\":2,\"name\":\"Offer\",\"item\":\"https:\\\/\\\/kotaraoriginal.cz\\\/en\\\/offer\\\/\"},{\"@type\":\"ListItem\",\"position\":3,\"name\":\"30.5m x 30.5cm x 76\u00b5m (3mil) sandblastable UV photo-sensitive film RAYZIST Photomask\"}]},{\"@type\":\"WebSite\",\"@id\":\"https:\\\/\\\/kotaraoriginal.cz\\\/en\\\/#website\",\"url\":\"https:\\\/\\\/kotaraoriginal.cz\\\/en\\\/\",\"name\":\"Ko\u0165ara\",\"description\":\"RAYZIST Photomask films, masksmaking, sandblasted logos on glass gifts\",\"publisher\":{\"@id\":\"https:\\\/\\\/kotaraoriginal.cz\\\/en\\\/#organization\"},\"alternateName\":\"UV-fotocitliv\u00e9 p\u00edskovac\u00ed f\u00f3lie RAYZIST Photomask\",\"potentialAction\":[{\"@type\":\"SearchAction\",\"target\":{\"@type\":\"EntryPoint\",\"urlTemplate\":\"https:\\\/\\\/kotaraoriginal.cz\\\/en\\\/?s={search_term_string}\"},\"query-input\":{\"@type\":\"PropertyValueSpecification\",\"valueRequired\":true,\"valueName\":\"search_term_string\"}}],\"inLanguage\":\"en-US\"},{\"@type\":\"Organization\",\"@id\":\"https:\\\/\\\/kotaraoriginal.cz\\\/en\\\/#organization\",\"name\":\"Kotara s.r.o. - UV-p\u00edskovac\u00ed foto-f\u00f3lie RAYZIST Photomask\",\"alternateName\":\"Kotara s.r.o.\",\"url\":\"https:\\\/\\\/kotaraoriginal.cz\\\/en\\\/\",\"logo\":{\"@type\":\"ImageObject\",\"inLanguage\":\"en-US\",\"@id\":\"https:\\\/\\\/kotaraoriginal.cz\\\/en\\\/#\\\/schema\\\/logo\\\/image\\\/\",\"url\":\"\",\"contentUrl\":\"\",\"caption\":\"Kotara s.r.o. - UV-p\u00edskovac\u00ed foto-f\u00f3lie RAYZIST Photomask\"},\"image\":{\"@id\":\"https:\\\/\\\/kotaraoriginal.cz\\\/en\\\/#\\\/schema\\\/logo\\\/image\\\/\"},\"sameAs\":[\"https:\\\/\\\/www.facebook.com\\\/kotaraoriginal.cz\\\/\",\"https:\\\/\\\/www.instagram.com\\\/kotaraoriginal\\\/\",\"https:\\\/\\\/www.linkedin.com\\\/company\\\/kotara-s.r.o.\",\"https:\\\/\\\/cz.pinterest.com\\\/kotaraoriginal\\\/\"]}]}<\/script>\n<!-- \/ Yoast SEO plugin. -->","yoast_head_json":{"title":"30.5m x 30.5cm x 76\u00b5m (3mil) sandblastable UV photo-sensitive film RAYZIST Photomask &#8211; Kotara Original","description":"The most widely used UV photosensitive sandblasting film R3 for sandblasting glass and other materials.","robots":{"index":"index","follow":"follow","max-snippet":"max-snippet:-1","max-image-preview":"max-image-preview:large","max-video-preview":"max-video-preview:-1"},"canonical":"https:\/\/kotaraoriginal.cz\/en\/product\/305m-x-305cm-x-76%c2%b5m-photoresist-film-rayzist-photomask\/","og_locale":"en_US","og_type":"article","og_title":"30.5m x 30.5cm x 76\u00b5m (3mil) sandblastable UV photo-sensitive film RAYZIST Photomask &#8211; Kotara Original","og_description":"The most widely used UV photosensitive sandblasting film R3 for sandblasting glass and other materials.","og_url":"https:\/\/kotaraoriginal.cz\/en\/product\/305m-x-305cm-x-76%c2%b5m-photoresist-film-rayzist-photomask\/","og_site_name":"Kotara Original","article_publisher":"https:\/\/www.facebook.com\/kotaraoriginal.cz\/","article_modified_time":"2024-02-09T12:51:40+00:00","og_image":[{"width":500,"height":500,"url":"https:\/\/kotaraoriginal.cz\/wp-content\/uploads\/2017\/01\/3mil-Rayzist-SR3000_12inch-x-100feet-roll.jpg","type":"image\/jpeg"}],"twitter_card":"summary_large_image","schema":{"@context":"https:\/\/schema.org","@graph":[{"@type":"WebPage","@id":"https:\/\/kotaraoriginal.cz\/en\/product\/305m-x-305cm-x-76%c2%b5m-photoresist-film-rayzist-photomask\/","url":"https:\/\/kotaraoriginal.cz\/en\/product\/305m-x-305cm-x-76%c2%b5m-photoresist-film-rayzist-photomask\/","name":"30.5m x 30.5cm x 76\u00b5m (3mil) sandblastable UV photo-sensitive film RAYZIST Photomask &#8211; Kotara Original","isPartOf":{"@id":"https:\/\/kotaraoriginal.cz\/en\/#website"},"primaryImageOfPage":{"@id":"https:\/\/kotaraoriginal.cz\/en\/product\/305m-x-305cm-x-76%c2%b5m-photoresist-film-rayzist-photomask\/#primaryimage"},"image":{"@id":"https:\/\/kotaraoriginal.cz\/en\/product\/305m-x-305cm-x-76%c2%b5m-photoresist-film-rayzist-photomask\/#primaryimage"},"thumbnailUrl":"https:\/\/kotaraoriginal.cz\/wp-content\/uploads\/2017\/01\/3mil-Rayzist-SR3000_12inch-x-100feet-roll.jpg","datePublished":"2016-11-11T16:37:28+00:00","dateModified":"2024-02-09T12:51:40+00:00","description":"The most widely used UV photosensitive sandblasting film R3 for sandblasting glass and other materials.","breadcrumb":{"@id":"https:\/\/kotaraoriginal.cz\/en\/product\/305m-x-305cm-x-76%c2%b5m-photoresist-film-rayzist-photomask\/#breadcrumb"},"inLanguage":"en-US","potentialAction":[{"@type":"ReadAction","target":["https:\/\/kotaraoriginal.cz\/en\/product\/305m-x-305cm-x-76%c2%b5m-photoresist-film-rayzist-photomask\/"]}]},{"@type":"ImageObject","inLanguage":"en-US","@id":"https:\/\/kotaraoriginal.cz\/en\/product\/305m-x-305cm-x-76%c2%b5m-photoresist-film-rayzist-photomask\/#primaryimage","url":"https:\/\/kotaraoriginal.cz\/wp-content\/uploads\/2017\/01\/3mil-Rayzist-SR3000_12inch-x-100feet-roll.jpg","contentUrl":"https:\/\/kotaraoriginal.cz\/wp-content\/uploads\/2017\/01\/3mil-Rayzist-SR3000_12inch-x-100feet-roll.jpg","width":500,"height":500,"caption":"Roll of UV-sensitive film RAYZIST SR3000 76mic, 30,6cm x 30,48m"},{"@type":"BreadcrumbList","@id":"https:\/\/kotaraoriginal.cz\/en\/product\/305m-x-305cm-x-76%c2%b5m-photoresist-film-rayzist-photomask\/#breadcrumb","itemListElement":[{"@type":"ListItem","position":1,"name":"Dom\u016f","item":"https:\/\/kotaraoriginal.cz\/en\/"},{"@type":"ListItem","position":2,"name":"Offer","item":"https:\/\/kotaraoriginal.cz\/en\/offer\/"},{"@type":"ListItem","position":3,"name":"30.5m x 30.5cm x 76\u00b5m (3mil) sandblastable UV photo-sensitive film RAYZIST Photomask"}]},{"@type":"WebSite","@id":"https:\/\/kotaraoriginal.cz\/en\/#website","url":"https:\/\/kotaraoriginal.cz\/en\/","name":"Ko\u0165ara","description":"RAYZIST Photomask films, masksmaking, sandblasted logos on glass gifts","publisher":{"@id":"https:\/\/kotaraoriginal.cz\/en\/#organization"},"alternateName":"UV-fotocitliv\u00e9 p\u00edskovac\u00ed f\u00f3lie RAYZIST Photomask","potentialAction":[{"@type":"SearchAction","target":{"@type":"EntryPoint","urlTemplate":"https:\/\/kotaraoriginal.cz\/en\/?s={search_term_string}"},"query-input":{"@type":"PropertyValueSpecification","valueRequired":true,"valueName":"search_term_string"}}],"inLanguage":"en-US"},{"@type":"Organization","@id":"https:\/\/kotaraoriginal.cz\/en\/#organization","name":"Kotara s.r.o. - UV-p\u00edskovac\u00ed foto-f\u00f3lie RAYZIST Photomask","alternateName":"Kotara s.r.o.","url":"https:\/\/kotaraoriginal.cz\/en\/","logo":{"@type":"ImageObject","inLanguage":"en-US","@id":"https:\/\/kotaraoriginal.cz\/en\/#\/schema\/logo\/image\/","url":"","contentUrl":"","caption":"Kotara s.r.o. - UV-p\u00edskovac\u00ed foto-f\u00f3lie RAYZIST Photomask"},"image":{"@id":"https:\/\/kotaraoriginal.cz\/en\/#\/schema\/logo\/image\/"},"sameAs":["https:\/\/www.facebook.com\/kotaraoriginal.cz\/","https:\/\/www.instagram.com\/kotaraoriginal\/","https:\/\/www.linkedin.com\/company\/kotara-s.r.o.","https:\/\/cz.pinterest.com\/kotaraoriginal\/"]}]}},"_links":{"self":[{"href":"https:\/\/kotaraoriginal.cz\/en\/wp-json\/wp\/v2\/product\/6775","targetHints":{"allow":["GET"]}}],"collection":[{"href":"https:\/\/kotaraoriginal.cz\/en\/wp-json\/wp\/v2\/product"}],"about":[{"href":"https:\/\/kotaraoriginal.cz\/en\/wp-json\/wp\/v2\/types\/product"}],"replies":[{"embeddable":true,"href":"https:\/\/kotaraoriginal.cz\/en\/wp-json\/wp\/v2\/comments?post=6775"}],"wp:featuredmedia":[{"embeddable":true,"href":"https:\/\/kotaraoriginal.cz\/en\/wp-json\/wp\/v2\/media\/6918"}],"wp:attachment":[{"href":"https:\/\/kotaraoriginal.cz\/en\/wp-json\/wp\/v2\/media?parent=6775"}],"wp:term":[{"taxonomy":"product_brand","embeddable":true,"href":"https:\/\/kotaraoriginal.cz\/en\/wp-json\/wp\/v2\/product_brand?post=6775"},{"taxonomy":"product_cat","embeddable":true,"href":"https:\/\/kotaraoriginal.cz\/en\/wp-json\/wp\/v2\/product_cat?post=6775"},{"taxonomy":"product_tag","embeddable":true,"href":"https:\/\/kotaraoriginal.cz\/en\/wp-json\/wp\/v2\/product_tag?post=6775"}],"curies":[{"name":"wp","href":"https:\/\/api.w.org\/{rel}","templated":true}]}}