{"id":7197,"date":"2016-02-29T13:37:05","date_gmt":"2016-02-29T12:37:05","guid":{"rendered":"https:\/\/kotaraoriginal.cz\/galerie-sklenenych-tezitek\/"},"modified":"2023-08-01T10:38:35","modified_gmt":"2023-08-01T08:38:35","slug":"gallery","status":"publish","type":"page","link":"https:\/\/kotaraoriginal.cz\/en\/gallery\/","title":{"rendered":"Gallery of glass paperweights"},"content":{"rendered":"<div class=\"wpb-content-wrapper\"><p>[vc_row][vc_column][vc_empty_space][\/vc_column][\/vc_row][vc_row content_aligment=&#8221;center&#8221;][vc_column]<div class=\"edgtf-st\">\n\t<div class=\"edgtf-st-inner\">\n        <div class=\"edgtf-st-title-holder\">\n            <h2 class=\"edgtf-st-title\" style=\"text-align: center\">\n                <span>Memory paperweight with photos of pets, pets and friends<\/span>\n            <\/h2>\n        <\/div>\n        <div class=\"edgtf-separator-holder clearfix  edgtf-separator-center\">\n\t<div class=\"edgtf-separator\" style=\"border-color: #d8d8d8;width: 80%;border-bottom-width: 1px\"><\/div>\n<\/div>\n\t\t<div class=\"edgtf-st-text-holder\" style=\"text-align: center\">\n            <span class=\"edgtf-st-text-text\"><\/p>\n<pre style=\"text-align: center;\"><span style=\"color: #ff0000;\">Paperweight production was discontinued. Thank you for your understanding.<\/span><\/pre>\n<p><\/span>\n\t\t<\/div>\n\t<\/div>\n<\/div><div class=\"edgtf-image-gallery\">\n\t<div class=\"edgtf-image-gallery-grid edgtf-gallery-columns-4 \" >\n        \t\t\t\t\t<div class=\"edgtf-gallery-image\">\n\t\t\t\t\t\t\t\t<a href=\"https:\/\/kotaraoriginal.cz\/wp-content\/uploads\/2016\/09\/zv\u00ed\u0159ec\u00ed_fotot\u011b\u017e\u00edtko_pes_1.jpg.jpg\" data-rel=\"prettyPhoto[single_pretty_photo-619]\" title=\"T\u011b\u017e\u00edtko s fotkou psa Sigiho\">\n\t\t\t\t\t\t\t\t\t\t\t\t\t\t\t\t<img loading=\"lazy\" decoding=\"async\" width=\"300\" height=\"225\" src=\"https:\/\/kotaraoriginal.cz\/wp-content\/uploads\/2016\/09\/zv\u00ed\u0159ec\u00ed_fotot\u011b\u017e\u00edtko_pes_1.jpg-300x225.jpg\" class=\"attachment-medium size-medium\" alt=\"Zv\u00ed\u0159ec\u00ed fotot\u011b\u017e\u00edtko se psem\" srcset=\"https:\/\/kotaraoriginal.cz\/wp-content\/uploads\/2016\/09\/zv\u00ed\u0159ec\u00ed_fotot\u011b\u017e\u00edtko_pes_1.jpg-300x225.jpg 300w, https:\/\/kotaraoriginal.cz\/wp-content\/uploads\/2016\/09\/zv\u00ed\u0159ec\u00ed_fotot\u011b\u017e\u00edtko_pes_1.jpg-600x450.jpg 600w, https:\/\/kotaraoriginal.cz\/wp-content\/uploads\/2016\/09\/zv\u00ed\u0159ec\u00ed_fotot\u011b\u017e\u00edtko_pes_1.jpg-768x576.jpg 768w, https:\/\/kotaraoriginal.cz\/wp-content\/uploads\/2016\/09\/zv\u00ed\u0159ec\u00ed_fotot\u011b\u017e\u00edtko_pes_1.jpg-1024x768.jpg 1024w, https:\/\/kotaraoriginal.cz\/wp-content\/uploads\/2016\/09\/zv\u00ed\u0159ec\u00ed_fotot\u011b\u017e\u00edtko_pes_1.jpg-800x600.jpg 800w, https:\/\/kotaraoriginal.cz\/wp-content\/uploads\/2016\/09\/zv\u00ed\u0159ec\u00ed_fotot\u011b\u017e\u00edtko_pes_1.jpg-1100x825.jpg 1100w, https:\/\/kotaraoriginal.cz\/wp-content\/uploads\/2016\/09\/zv\u00ed\u0159ec\u00ed_fotot\u011b\u017e\u00edtko_pes_1.jpg-76x58.jpg 76w, https:\/\/kotaraoriginal.cz\/wp-content\/uploads\/2016\/09\/zv\u00ed\u0159ec\u00ed_fotot\u011b\u017e\u00edtko_pes_1.jpg.jpg 1600w\" sizes=\"auto, (max-width: 300px) 100vw, 300px\" \/>\t\t\t\t\t\t\t\t\t\t\t\t\t\t<\/a>\n\t\t\t\t\t\t<\/div>\n\t\t\t\t\t<div class=\"edgtf-gallery-image\">\n\t\t\t\t\t\t\t\t<a href=\"https:\/\/kotaraoriginal.cz\/wp-content\/uploads\/2016\/09\/zv\u00ed\u0159ec\u00ed_fotot\u011b\u017e\u00edtko_ko\u010dka_1.jpg\" data-rel=\"prettyPhoto[single_pretty_photo-619]\" title=\"T\u011b\u017e\u00edtko s fotkou d\u00edvky a jej\u00ed ko\u010dky\">\n\t\t\t\t\t\t\t\t\t\t\t\t\t\t\t\t<img loading=\"lazy\" decoding=\"async\" width=\"300\" height=\"225\" src=\"https:\/\/kotaraoriginal.cz\/wp-content\/uploads\/2016\/09\/zv\u00ed\u0159ec\u00ed_fotot\u011b\u017e\u00edtko_ko\u010dka_1-300x225.jpg\" class=\"attachment-medium size-medium\" alt=\"T\u011b\u017e\u00edtko s fotkou d\u00edvky a jej\u00ed ko\u010dky\" srcset=\"https:\/\/kotaraoriginal.cz\/wp-content\/uploads\/2016\/09\/zv\u00ed\u0159ec\u00ed_fotot\u011b\u017e\u00edtko_ko\u010dka_1-300x225.jpg 300w, https:\/\/kotaraoriginal.cz\/wp-content\/uploads\/2016\/09\/zv\u00ed\u0159ec\u00ed_fotot\u011b\u017e\u00edtko_ko\u010dka_1-600x450.jpg 600w, https:\/\/kotaraoriginal.cz\/wp-content\/uploads\/2016\/09\/zv\u00ed\u0159ec\u00ed_fotot\u011b\u017e\u00edtko_ko\u010dka_1-768x576.jpg 768w, https:\/\/kotaraoriginal.cz\/wp-content\/uploads\/2016\/09\/zv\u00ed\u0159ec\u00ed_fotot\u011b\u017e\u00edtko_ko\u010dka_1-1024x768.jpg 1024w, https:\/\/kotaraoriginal.cz\/wp-content\/uploads\/2016\/09\/zv\u00ed\u0159ec\u00ed_fotot\u011b\u017e\u00edtko_ko\u010dka_1-800x600.jpg 800w, https:\/\/kotaraoriginal.cz\/wp-content\/uploads\/2016\/09\/zv\u00ed\u0159ec\u00ed_fotot\u011b\u017e\u00edtko_ko\u010dka_1-1100x825.jpg 1100w, https:\/\/kotaraoriginal.cz\/wp-content\/uploads\/2016\/09\/zv\u00ed\u0159ec\u00ed_fotot\u011b\u017e\u00edtko_ko\u010dka_1-76x58.jpg 76w, https:\/\/kotaraoriginal.cz\/wp-content\/uploads\/2016\/09\/zv\u00ed\u0159ec\u00ed_fotot\u011b\u017e\u00edtko_ko\u010dka_1.jpg 1600w\" sizes=\"auto, (max-width: 300px) 100vw, 300px\" \/>\t\t\t\t\t\t\t\t\t\t\t\t\t\t<\/a>\n\t\t\t\t\t\t<\/div>\n\t\t\t\t\t<div class=\"edgtf-gallery-image\">\n\t\t\t\t\t\t\t\t<a href=\"https:\/\/kotaraoriginal.cz\/wp-content\/uploads\/2016\/09\/zv\u00ed\u0159ec\u00ed_fotot\u011b\u017e\u00edtko_k\u016f\u0148_1.jpg\" data-rel=\"prettyPhoto[single_pretty_photo-619]\" title=\"T\u011b\u017e\u00edtko s fotkou kon\u011b Gera\">\n\t\t\t\t\t\t\t\t\t\t\t\t\t\t\t\t<img loading=\"lazy\" decoding=\"async\" width=\"300\" height=\"225\" src=\"https:\/\/kotaraoriginal.cz\/wp-content\/uploads\/2016\/09\/zv\u00ed\u0159ec\u00ed_fotot\u011b\u017e\u00edtko_k\u016f\u0148_1-300x225.jpg\" class=\"attachment-medium size-medium\" alt=\"T\u011b\u017e\u00edtko s fotkou kon\u011b Gera\" srcset=\"https:\/\/kotaraoriginal.cz\/wp-content\/uploads\/2016\/09\/zv\u00ed\u0159ec\u00ed_fotot\u011b\u017e\u00edtko_k\u016f\u0148_1-300x225.jpg 300w, https:\/\/kotaraoriginal.cz\/wp-content\/uploads\/2016\/09\/zv\u00ed\u0159ec\u00ed_fotot\u011b\u017e\u00edtko_k\u016f\u0148_1-600x450.jpg 600w, https:\/\/kotaraoriginal.cz\/wp-content\/uploads\/2016\/09\/zv\u00ed\u0159ec\u00ed_fotot\u011b\u017e\u00edtko_k\u016f\u0148_1-768x576.jpg 768w, https:\/\/kotaraoriginal.cz\/wp-content\/uploads\/2016\/09\/zv\u00ed\u0159ec\u00ed_fotot\u011b\u017e\u00edtko_k\u016f\u0148_1-1024x768.jpg 1024w, https:\/\/kotaraoriginal.cz\/wp-content\/uploads\/2016\/09\/zv\u00ed\u0159ec\u00ed_fotot\u011b\u017e\u00edtko_k\u016f\u0148_1-800x600.jpg 800w, https:\/\/kotaraoriginal.cz\/wp-content\/uploads\/2016\/09\/zv\u00ed\u0159ec\u00ed_fotot\u011b\u017e\u00edtko_k\u016f\u0148_1-1100x825.jpg 1100w, https:\/\/kotaraoriginal.cz\/wp-content\/uploads\/2016\/09\/zv\u00ed\u0159ec\u00ed_fotot\u011b\u017e\u00edtko_k\u016f\u0148_1-76x58.jpg 76w, https:\/\/kotaraoriginal.cz\/wp-content\/uploads\/2016\/09\/zv\u00ed\u0159ec\u00ed_fotot\u011b\u017e\u00edtko_k\u016f\u0148_1.jpg 1600w\" sizes=\"auto, (max-width: 300px) 100vw, 300px\" \/>\t\t\t\t\t\t\t\t\t\t\t\t\t\t<\/a>\n\t\t\t\t\t\t<\/div>\n\t\t\t<\/div>\n<\/div>[\/vc_column][\/vc_row][vc_row content_aligment=&#8221;center&#8221;][vc_column][vc_empty_space][\/vc_column][\/vc_row][vc_row content_aligment=&#8221;center&#8221;][vc_column]<div class=\"edgtf-st\">\n\t<div class=\"edgtf-st-inner\">\n        <div class=\"edgtf-st-title-holder\">\n            <h2 class=\"edgtf-st-title\" style=\"text-align: center\">\n                <span>Memorial paperweights with family photos<\/span>\n            <\/h2>\n        <\/div>\n        <div class=\"edgtf-separator-holder clearfix  edgtf-separator-center\">\n\t<div class=\"edgtf-separator\" style=\"border-color: #d8d8d8;width: 80%;border-bottom-width: 1px\"><\/div>\n<\/div>\n\t\t<div class=\"edgtf-st-text-holder\" style=\"text-align: center\">\n            <span class=\"edgtf-st-text-text\"><\/span>\n\t\t<\/div>\n\t<\/div>\n<\/div><div class=\"edgtf-image-gallery\">\n\t<div class=\"edgtf-image-gallery-grid edgtf-gallery-columns-4 \" >\n        \t\t\t\t\t<div class=\"edgtf-gallery-image\">\n\t\t\t\t\t\t\t\t<a href=\"https:\/\/kotaraoriginal.cz\/wp-content\/uploads\/2016\/09\/rodinn\u00e9_fotot\u011b\u017e\u00edtko_rodina_1.jpg\" data-rel=\"prettyPhoto[single_pretty_photo-975]\" title=\"T\u011b\u017e\u00edtko s fotkou prarodi\u010d\u016f a vnou\u010dat\">\n\t\t\t\t\t\t\t\t\t\t\t\t\t\t\t\t<img loading=\"lazy\" decoding=\"async\" width=\"300\" height=\"225\" src=\"https:\/\/kotaraoriginal.cz\/wp-content\/uploads\/2016\/09\/rodinn\u00e9_fotot\u011b\u017e\u00edtko_rodina_1-300x225.jpg\" class=\"attachment-medium size-medium\" alt=\"T\u011b\u017e\u00edtko s fotkou prarodi\u010d\u016f a vnou\u010dat\" srcset=\"https:\/\/kotaraoriginal.cz\/wp-content\/uploads\/2016\/09\/rodinn\u00e9_fotot\u011b\u017e\u00edtko_rodina_1-300x225.jpg 300w, https:\/\/kotaraoriginal.cz\/wp-content\/uploads\/2016\/09\/rodinn\u00e9_fotot\u011b\u017e\u00edtko_rodina_1-600x450.jpg 600w, https:\/\/kotaraoriginal.cz\/wp-content\/uploads\/2016\/09\/rodinn\u00e9_fotot\u011b\u017e\u00edtko_rodina_1-768x576.jpg 768w, https:\/\/kotaraoriginal.cz\/wp-content\/uploads\/2016\/09\/rodinn\u00e9_fotot\u011b\u017e\u00edtko_rodina_1-1024x768.jpg 1024w, https:\/\/kotaraoriginal.cz\/wp-content\/uploads\/2016\/09\/rodinn\u00e9_fotot\u011b\u017e\u00edtko_rodina_1-800x600.jpg 800w, https:\/\/kotaraoriginal.cz\/wp-content\/uploads\/2016\/09\/rodinn\u00e9_fotot\u011b\u017e\u00edtko_rodina_1-1100x825.jpg 1100w, https:\/\/kotaraoriginal.cz\/wp-content\/uploads\/2016\/09\/rodinn\u00e9_fotot\u011b\u017e\u00edtko_rodina_1-76x58.jpg 76w, https:\/\/kotaraoriginal.cz\/wp-content\/uploads\/2016\/09\/rodinn\u00e9_fotot\u011b\u017e\u00edtko_rodina_1.jpg 1600w\" sizes=\"auto, (max-width: 300px) 100vw, 300px\" \/>\t\t\t\t\t\t\t\t\t\t\t\t\t\t<\/a>\n\t\t\t\t\t\t<\/div>\n\t\t\t\t\t<div class=\"edgtf-gallery-image\">\n\t\t\t\t\t\t\t\t<a href=\"https:\/\/kotaraoriginal.cz\/wp-content\/uploads\/2016\/09\/rodinn\u00e9_fotot\u011b\u017e\u00edtko_prarodi\u010de_1.jpg\" data-rel=\"prettyPhoto[single_pretty_photo-975]\" title=\"T\u011b\u017e\u00edtko s fotkou babi\u010dky a d\u011bde\u010dka\">\n\t\t\t\t\t\t\t\t\t\t\t\t\t\t\t\t<img loading=\"lazy\" decoding=\"async\" width=\"300\" height=\"225\" src=\"https:\/\/kotaraoriginal.cz\/wp-content\/uploads\/2016\/09\/rodinn\u00e9_fotot\u011b\u017e\u00edtko_prarodi\u010de_1-300x225.jpg\" class=\"attachment-medium size-medium\" alt=\"T\u011b\u017e\u00edtko s fotkou babi\u010dky a d\u011bde\u010dka\" srcset=\"https:\/\/kotaraoriginal.cz\/wp-content\/uploads\/2016\/09\/rodinn\u00e9_fotot\u011b\u017e\u00edtko_prarodi\u010de_1-300x225.jpg 300w, https:\/\/kotaraoriginal.cz\/wp-content\/uploads\/2016\/09\/rodinn\u00e9_fotot\u011b\u017e\u00edtko_prarodi\u010de_1-600x450.jpg 600w, https:\/\/kotaraoriginal.cz\/wp-content\/uploads\/2016\/09\/rodinn\u00e9_fotot\u011b\u017e\u00edtko_prarodi\u010de_1-768x576.jpg 768w, https:\/\/kotaraoriginal.cz\/wp-content\/uploads\/2016\/09\/rodinn\u00e9_fotot\u011b\u017e\u00edtko_prarodi\u010de_1-1024x768.jpg 1024w, https:\/\/kotaraoriginal.cz\/wp-content\/uploads\/2016\/09\/rodinn\u00e9_fotot\u011b\u017e\u00edtko_prarodi\u010de_1-800x600.jpg 800w, https:\/\/kotaraoriginal.cz\/wp-content\/uploads\/2016\/09\/rodinn\u00e9_fotot\u011b\u017e\u00edtko_prarodi\u010de_1-1100x825.jpg 1100w, https:\/\/kotaraoriginal.cz\/wp-content\/uploads\/2016\/09\/rodinn\u00e9_fotot\u011b\u017e\u00edtko_prarodi\u010de_1-76x58.jpg 76w, https:\/\/kotaraoriginal.cz\/wp-content\/uploads\/2016\/09\/rodinn\u00e9_fotot\u011b\u017e\u00edtko_prarodi\u010de_1.jpg 1600w\" sizes=\"auto, (max-width: 300px) 100vw, 300px\" \/>\t\t\t\t\t\t\t\t\t\t\t\t\t\t<\/a>\n\t\t\t\t\t\t<\/div>\n\t\t\t<\/div>\n<\/div>[\/vc_column][\/vc_row][vc_row][vc_column][vc_empty_space][\/vc_column][\/vc_row][vc_row][vc_column]<div class=\"edgtf-st\">\n\t<div class=\"edgtf-st-inner\">\n        <div class=\"edgtf-st-title-holder\">\n            <h2 class=\"edgtf-st-title\" style=\"text-align: center\">\n                <span>Promotional paperweights with company logos<\/span>\n            <\/h2>\n        <\/div>\n        <div class=\"edgtf-separator-holder clearfix  edgtf-separator-center\">\n\t<div class=\"edgtf-separator\" style=\"border-color: #d8d8d8;width: 80%;border-bottom-width: 1px\"><\/div>\n<\/div>\n\t\t<div class=\"edgtf-st-text-holder\" style=\"text-align: center\">\n            <span class=\"edgtf-st-text-text\"><\/span>\n\t\t<\/div>\n\t<\/div>\n<\/div><div class=\"edgtf-image-gallery\">\n\t<div class=\"edgtf-image-gallery-grid edgtf-gallery-columns-4 \" >\n        \t\t\t\t\t<div class=\"edgtf-gallery-image\">\n\t\t\t\t\t\t\t\t<a href=\"https:\/\/kotaraoriginal.cz\/wp-content\/uploads\/2016\/09\/logot\u011b\u017e\u00edtko_ko\u0165ara_original.jpg\" data-rel=\"prettyPhoto[single_pretty_photo-862]\" title=\"T\u011b\u017e\u00edtko s logem Ko\u0165ara Origin\u00e1l\">\n\t\t\t\t\t\t\t\t\t\t\t\t\t\t\t\t<img loading=\"lazy\" decoding=\"async\" width=\"300\" height=\"225\" src=\"https:\/\/kotaraoriginal.cz\/wp-content\/uploads\/2016\/09\/logot\u011b\u017e\u00edtko_ko\u0165ara_original-300x225.jpg\" class=\"attachment-medium size-medium\" alt=\"Logot\u011b\u017e\u00edtko Ko\u0165ara Origin\u00e1l\" srcset=\"https:\/\/kotaraoriginal.cz\/wp-content\/uploads\/2016\/09\/logot\u011b\u017e\u00edtko_ko\u0165ara_original-300x225.jpg 300w, https:\/\/kotaraoriginal.cz\/wp-content\/uploads\/2016\/09\/logot\u011b\u017e\u00edtko_ko\u0165ara_original-600x450.jpg 600w, https:\/\/kotaraoriginal.cz\/wp-content\/uploads\/2016\/09\/logot\u011b\u017e\u00edtko_ko\u0165ara_original-768x576.jpg 768w, https:\/\/kotaraoriginal.cz\/wp-content\/uploads\/2016\/09\/logot\u011b\u017e\u00edtko_ko\u0165ara_original-1024x768.jpg 1024w, https:\/\/kotaraoriginal.cz\/wp-content\/uploads\/2016\/09\/logot\u011b\u017e\u00edtko_ko\u0165ara_original-800x600.jpg 800w, https:\/\/kotaraoriginal.cz\/wp-content\/uploads\/2016\/09\/logot\u011b\u017e\u00edtko_ko\u0165ara_original-1100x825.jpg 1100w, https:\/\/kotaraoriginal.cz\/wp-content\/uploads\/2016\/09\/logot\u011b\u017e\u00edtko_ko\u0165ara_original-76x58.jpg 76w, https:\/\/kotaraoriginal.cz\/wp-content\/uploads\/2016\/09\/logot\u011b\u017e\u00edtko_ko\u0165ara_original.jpg 1600w\" sizes=\"auto, (max-width: 300px) 100vw, 300px\" \/>\t\t\t\t\t\t\t\t\t\t\t\t\t\t<\/a>\n\t\t\t\t\t\t<\/div>\n\t\t\t\t\t<div class=\"edgtf-gallery-image\">\n\t\t\t\t\t\t\t\t<a href=\"https:\/\/kotaraoriginal.cz\/wp-content\/uploads\/2016\/09\/tezitko-s-logem.jpg\" data-rel=\"prettyPhoto[single_pretty_photo-862]\" title=\"D\u00e1rkov\u00e1 krabi\u010dka Ko\u0165ara Original s t\u011b\u017e\u00edtkem se zataven\u00fdm logem\">\n\t\t\t\t\t\t\t\t\t\t\t\t\t\t\t\t<img loading=\"lazy\" decoding=\"async\" width=\"225\" height=\"300\" src=\"https:\/\/kotaraoriginal.cz\/wp-content\/uploads\/2016\/09\/tezitko-s-logem-225x300.jpg\" class=\"attachment-medium size-medium\" alt=\"D\u00e1rkov\u00e1 krabi\u010dka Ko\u0165ara Original s t\u011b\u017e\u00edtkem se zataven\u00fdm logem\" srcset=\"https:\/\/kotaraoriginal.cz\/wp-content\/uploads\/2016\/09\/tezitko-s-logem-225x300.jpg 225w, https:\/\/kotaraoriginal.cz\/wp-content\/uploads\/2016\/09\/tezitko-s-logem-600x800.jpg 600w, https:\/\/kotaraoriginal.cz\/wp-content\/uploads\/2016\/09\/tezitko-s-logem-768x1024.jpg 768w, https:\/\/kotaraoriginal.cz\/wp-content\/uploads\/2016\/09\/tezitko-s-logem-1100x1467.jpg 1100w, https:\/\/kotaraoriginal.cz\/wp-content\/uploads\/2016\/09\/tezitko-s-logem.jpg 1536w\" sizes=\"auto, (max-width: 225px) 100vw, 225px\" \/>\t\t\t\t\t\t\t\t\t\t\t\t\t\t<\/a>\n\t\t\t\t\t\t<\/div>\n\t\t\t<\/div>\n<\/div>[\/vc_column][\/vc_row][vc_row][vc_column][vc_empty_space][\/vc_column][\/vc_row]<!--more--><\/p>\n<\/div>","protected":false},"excerpt":{"rendered":"<p>[vc_row][vc_column][vc_empty_space][\/vc_column][\/vc_row][vc_row content_aligment=&#8221;center&#8221;][vc_column][\/vc_column][\/vc_row][vc_row content_aligment=&#8221;center&#8221;][vc_column][vc_empty_space][\/vc_column][\/vc_row][vc_row content_aligment=&#8221;center&#8221;][vc_column][\/vc_column][\/vc_row][vc_row][vc_column][vc_empty_space][\/vc_column][\/vc_row][vc_row][vc_column][\/vc_column][\/vc_row][vc_row][vc_column][vc_empty_space][\/vc_column][\/vc_row]<\/p>\n","protected":false},"author":2,"featured_media":0,"parent":0,"menu_order":0,"comment_status":"closed","ping_status":"closed","template":"","meta":{"footnotes":""},"class_list":["post-7197","page","type-page","status-publish","hentry"],"yoast_head":"<!-- This site is optimized with the Yoast SEO plugin v27.6 - https:\/\/yoast.com\/product\/yoast-seo-wordpress\/ -->\n<title>Gallery of glass paperweights<\/title>\n<meta name=\"description\" content=\"Gallery of glass paperweights.\" \/>\n<meta name=\"robots\" content=\"index, follow, max-snippet:-1, max-image-preview:large, max-video-preview:-1\" \/>\n<link rel=\"canonical\" href=\"https:\/\/kotaraoriginal.cz\/en\/gallery\/\" \/>\n<meta property=\"og:locale\" content=\"en_US\" \/>\n<meta property=\"og:type\" content=\"article\" \/>\n<meta property=\"og:title\" content=\"Gallery of glass paperweights\" \/>\n<meta property=\"og:description\" content=\"Gallery of glass paperweights.\" \/>\n<meta property=\"og:url\" content=\"https:\/\/kotaraoriginal.cz\/en\/gallery\/\" \/>\n<meta property=\"og:site_name\" content=\"Kotara Original\" \/>\n<meta property=\"article:publisher\" content=\"https:\/\/www.facebook.com\/kotaraoriginal.cz\/\" \/>\n<meta property=\"article:modified_time\" content=\"2023-08-01T08:38:35+00:00\" \/>\n<meta name=\"twitter:card\" content=\"summary_large_image\" \/>\n<meta name=\"twitter:label1\" content=\"Est. reading time\" \/>\n\t<meta name=\"twitter:data1\" content=\"1 minute\" \/>\n<script type=\"application\/ld+json\" class=\"yoast-schema-graph\">{\"@context\":\"https:\\\/\\\/schema.org\",\"@graph\":[{\"@type\":\"WebPage\",\"@id\":\"https:\\\/\\\/kotaraoriginal.cz\\\/en\\\/gallery\\\/\",\"url\":\"https:\\\/\\\/kotaraoriginal.cz\\\/en\\\/gallery\\\/\",\"name\":\"Gallery of glass paperweights\",\"isPartOf\":{\"@id\":\"https:\\\/\\\/kotaraoriginal.cz\\\/en\\\/#website\"},\"datePublished\":\"2016-02-29T12:37:05+00:00\",\"dateModified\":\"2023-08-01T08:38:35+00:00\",\"description\":\"Gallery of glass paperweights.\",\"breadcrumb\":{\"@id\":\"https:\\\/\\\/kotaraoriginal.cz\\\/en\\\/gallery\\\/#breadcrumb\"},\"inLanguage\":\"en-US\",\"potentialAction\":[{\"@type\":\"ReadAction\",\"target\":[\"https:\\\/\\\/kotaraoriginal.cz\\\/en\\\/gallery\\\/\"]}]},{\"@type\":\"BreadcrumbList\",\"@id\":\"https:\\\/\\\/kotaraoriginal.cz\\\/en\\\/gallery\\\/#breadcrumb\",\"itemListElement\":[{\"@type\":\"ListItem\",\"position\":1,\"name\":\"Dom\u016f\",\"item\":\"https:\\\/\\\/kotaraoriginal.cz\\\/en\\\/\"},{\"@type\":\"ListItem\",\"position\":2,\"name\":\"Gallery of glass paperweights\"}]},{\"@type\":\"WebSite\",\"@id\":\"https:\\\/\\\/kotaraoriginal.cz\\\/en\\\/#website\",\"url\":\"https:\\\/\\\/kotaraoriginal.cz\\\/en\\\/\",\"name\":\"Ko\u0165ara\",\"description\":\"RAYZIST Photomask films, masksmaking, sandblasted logos on glass gifts\",\"publisher\":{\"@id\":\"https:\\\/\\\/kotaraoriginal.cz\\\/en\\\/#organization\"},\"alternateName\":\"UV-fotocitliv\u00e9 p\u00edskovac\u00ed f\u00f3lie RAYZIST Photomask\",\"potentialAction\":[{\"@type\":\"SearchAction\",\"target\":{\"@type\":\"EntryPoint\",\"urlTemplate\":\"https:\\\/\\\/kotaraoriginal.cz\\\/en\\\/?s={search_term_string}\"},\"query-input\":{\"@type\":\"PropertyValueSpecification\",\"valueRequired\":true,\"valueName\":\"search_term_string\"}}],\"inLanguage\":\"en-US\"},{\"@type\":\"Organization\",\"@id\":\"https:\\\/\\\/kotaraoriginal.cz\\\/en\\\/#organization\",\"name\":\"Kotara s.r.o. - UV-p\u00edskovac\u00ed foto-f\u00f3lie RAYZIST Photomask\",\"alternateName\":\"Kotara s.r.o.\",\"url\":\"https:\\\/\\\/kotaraoriginal.cz\\\/en\\\/\",\"logo\":{\"@type\":\"ImageObject\",\"inLanguage\":\"en-US\",\"@id\":\"https:\\\/\\\/kotaraoriginal.cz\\\/en\\\/#\\\/schema\\\/logo\\\/image\\\/\",\"url\":\"\",\"contentUrl\":\"\",\"caption\":\"Kotara s.r.o. - UV-p\u00edskovac\u00ed foto-f\u00f3lie RAYZIST Photomask\"},\"image\":{\"@id\":\"https:\\\/\\\/kotaraoriginal.cz\\\/en\\\/#\\\/schema\\\/logo\\\/image\\\/\"},\"sameAs\":[\"https:\\\/\\\/www.facebook.com\\\/kotaraoriginal.cz\\\/\",\"https:\\\/\\\/www.instagram.com\\\/kotaraoriginal\\\/\",\"https:\\\/\\\/www.linkedin.com\\\/company\\\/kotara-s.r.o.\",\"https:\\\/\\\/cz.pinterest.com\\\/kotaraoriginal\\\/\"]}]}<\/script>\n<!-- \/ Yoast SEO plugin. -->","yoast_head_json":{"title":"Gallery of glass paperweights","description":"Gallery of glass paperweights.","robots":{"index":"index","follow":"follow","max-snippet":"max-snippet:-1","max-image-preview":"max-image-preview:large","max-video-preview":"max-video-preview:-1"},"canonical":"https:\/\/kotaraoriginal.cz\/en\/gallery\/","og_locale":"en_US","og_type":"article","og_title":"Gallery of glass paperweights","og_description":"Gallery of glass paperweights.","og_url":"https:\/\/kotaraoriginal.cz\/en\/gallery\/","og_site_name":"Kotara Original","article_publisher":"https:\/\/www.facebook.com\/kotaraoriginal.cz\/","article_modified_time":"2023-08-01T08:38:35+00:00","twitter_card":"summary_large_image","twitter_misc":{"Est. reading time":"1 minute"},"schema":{"@context":"https:\/\/schema.org","@graph":[{"@type":"WebPage","@id":"https:\/\/kotaraoriginal.cz\/en\/gallery\/","url":"https:\/\/kotaraoriginal.cz\/en\/gallery\/","name":"Gallery of glass paperweights","isPartOf":{"@id":"https:\/\/kotaraoriginal.cz\/en\/#website"},"datePublished":"2016-02-29T12:37:05+00:00","dateModified":"2023-08-01T08:38:35+00:00","description":"Gallery of glass paperweights.","breadcrumb":{"@id":"https:\/\/kotaraoriginal.cz\/en\/gallery\/#breadcrumb"},"inLanguage":"en-US","potentialAction":[{"@type":"ReadAction","target":["https:\/\/kotaraoriginal.cz\/en\/gallery\/"]}]},{"@type":"BreadcrumbList","@id":"https:\/\/kotaraoriginal.cz\/en\/gallery\/#breadcrumb","itemListElement":[{"@type":"ListItem","position":1,"name":"Dom\u016f","item":"https:\/\/kotaraoriginal.cz\/en\/"},{"@type":"ListItem","position":2,"name":"Gallery of glass paperweights"}]},{"@type":"WebSite","@id":"https:\/\/kotaraoriginal.cz\/en\/#website","url":"https:\/\/kotaraoriginal.cz\/en\/","name":"Ko\u0165ara","description":"RAYZIST Photomask films, masksmaking, sandblasted logos on glass gifts","publisher":{"@id":"https:\/\/kotaraoriginal.cz\/en\/#organization"},"alternateName":"UV-fotocitliv\u00e9 p\u00edskovac\u00ed f\u00f3lie RAYZIST Photomask","potentialAction":[{"@type":"SearchAction","target":{"@type":"EntryPoint","urlTemplate":"https:\/\/kotaraoriginal.cz\/en\/?s={search_term_string}"},"query-input":{"@type":"PropertyValueSpecification","valueRequired":true,"valueName":"search_term_string"}}],"inLanguage":"en-US"},{"@type":"Organization","@id":"https:\/\/kotaraoriginal.cz\/en\/#organization","name":"Kotara s.r.o. - UV-p\u00edskovac\u00ed foto-f\u00f3lie RAYZIST Photomask","alternateName":"Kotara s.r.o.","url":"https:\/\/kotaraoriginal.cz\/en\/","logo":{"@type":"ImageObject","inLanguage":"en-US","@id":"https:\/\/kotaraoriginal.cz\/en\/#\/schema\/logo\/image\/","url":"","contentUrl":"","caption":"Kotara s.r.o. - UV-p\u00edskovac\u00ed foto-f\u00f3lie RAYZIST Photomask"},"image":{"@id":"https:\/\/kotaraoriginal.cz\/en\/#\/schema\/logo\/image\/"},"sameAs":["https:\/\/www.facebook.com\/kotaraoriginal.cz\/","https:\/\/www.instagram.com\/kotaraoriginal\/","https:\/\/www.linkedin.com\/company\/kotara-s.r.o.","https:\/\/cz.pinterest.com\/kotaraoriginal\/"]}]}},"_links":{"self":[{"href":"https:\/\/kotaraoriginal.cz\/en\/wp-json\/wp\/v2\/pages\/7197","targetHints":{"allow":["GET"]}}],"collection":[{"href":"https:\/\/kotaraoriginal.cz\/en\/wp-json\/wp\/v2\/pages"}],"about":[{"href":"https:\/\/kotaraoriginal.cz\/en\/wp-json\/wp\/v2\/types\/page"}],"author":[{"embeddable":true,"href":"https:\/\/kotaraoriginal.cz\/en\/wp-json\/wp\/v2\/users\/2"}],"replies":[{"embeddable":true,"href":"https:\/\/kotaraoriginal.cz\/en\/wp-json\/wp\/v2\/comments?post=7197"}],"version-history":[{"count":0,"href":"https:\/\/kotaraoriginal.cz\/en\/wp-json\/wp\/v2\/pages\/7197\/revisions"}],"wp:attachment":[{"href":"https:\/\/kotaraoriginal.cz\/en\/wp-json\/wp\/v2\/media?parent=7197"}],"curies":[{"name":"wp","href":"https:\/\/api.w.org\/{rel}","templated":true}]}}