{"id":6822,"date":"2017-05-11T11:14:27","date_gmt":"2017-05-11T09:14:27","guid":{"rendered":"https:\/\/kotaraoriginal.cz\/about-us\/"},"modified":"2023-07-22T19:54:39","modified_gmt":"2023-07-22T17:54:39","slug":"about-us","status":"publish","type":"page","link":"https:\/\/kotaraoriginal.cz\/en\/about-us\/","title":{"rendered":"About Us"},"content":{"rendered":"<div class=\"wpb-content-wrapper\"><p>[vc_row][vc_column width=&#8221;1\/2&#8243;]<div class=\"edgtf-st\">\n\t<div class=\"edgtf-st-inner\">\n        <div class=\"edgtf-st-title-holder\">\n            <h2 class=\"edgtf-st-title\" style=\"text-align: center\">\n                <span>Ing. Jaroslav Ko\u0165ara<\/span>\n            <\/h2>\n        <\/div>\n        <div class=\"edgtf-separator-holder clearfix  edgtf-separator-center\">\n\t<div class=\"edgtf-separator\" style=\"width: 80%;border-bottom-width: 1px\"><\/div>\n<\/div>\n\t\t<div class=\"edgtf-st-text-holder\" style=\"text-align: center\">\n            <span class=\"edgtf-st-text-text\"><\/span>\n\t\t<\/div>\n\t<\/div>\n<\/div>[vc_column_text]I come from the town Svetla nad Sazavou, where many glass companies are located. For example, the world-renowned glass factory Crystalite Bohemia, formerly known as Sklo Bohemia or Bohemia Crystal and the historical glass factory Caesar Crystal, where is cased crystal still produced in the classical way.<\/p>\n<p>I graduated on the High School of Applied Arts for Glassmaking in Zelezny Brod, Glass Technology specialization and continued my study at the University of Chemistry and Technology in Prague, department of Inorganic non-metallic materials. I successfully graduated with a diploma thesis focused on the bubble motion simulation in an electric glass furnace.<\/p>\n<p>After graduation I worked as a glass technologist at the famous Moser glassworks in Karlovy Vary. I went to England to a language course in 2009 and after my return I worked at the Vitrablog Glassworks in Duchcov, where glass blocks are produced. From 2010 to 2015, I was responsible for Sales department at the glass factory Crystal Glamor in Okroulice, (known before as Glass-Rubs) producing hand blown and hand cut \u00a0lead crystal with contain of 24% PbO.<\/p>\n<p>In February 2015, I decided to set up my own company, Kotara s.r.o., which deals with glass trading, import sandblasting photomask films, production of paperweights with pictures sealed inside and custom glassware production.<\/p>\n<p style=\"text-align: center;\">\n    <span class=\"edgtf-icon-shortcode normal edgtf-icon-tiny\"  >\n                    <a href=\"https:\/\/www.linkedin.com\/in\/jaroslav-ko%C5%A5ara-8b491415\/\" target=\"_blank\">\n        \n        <i class=\"edgtf-icon-font-awesome fa fa-linkedin-square edgtf-icon-element\" style=\"\" ><\/i>\n                    <\/a>\n            <\/span>\n\n \u00a0 \u00a0\n    <span class=\"edgtf-icon-shortcode normal edgtf-icon-tiny\"  >\n                    <a href=\"https:\/\/www.facebook.com\/kotaraoriginal.cz\" target=\"_blank\">\n        \n        <i class=\"edgtf-icon-font-awesome fa fa-facebook-square edgtf-icon-element\" style=\"\" ><\/i>\n                    <\/a>\n            <\/span>\n\n \u00a0 \u00a0\n    <span class=\"edgtf-icon-shortcode normal edgtf-icon-tiny\"  >\n                    <a href=\"https:\/\/www.instagram.com\/kotaraoriginal\/\" target=\"_blank\">\n        \n        <i class=\"edgtf-icon-font-awesome fa fa-instagram edgtf-icon-element\" style=\"\" ><\/i>\n                    <\/a>\n            <\/span>\n\n \u00a0 \u00a0\n    <span class=\"edgtf-icon-shortcode normal edgtf-icon-tiny\"  >\n                    <a href=\"https:\/\/cz.pinterest.com\/kotaraoriginal\/\" target=\"_blank\">\n        \n        <i class=\"edgtf-icon-font-awesome fa fa-pinterest-square edgtf-icon-element\" style=\"\" ><\/i>\n                    <\/a>\n            <\/span>\n\n<\/p>\n<p>[\/vc_column_text][\/vc_column][vc_column width=&#8221;1\/2&#8243;][\/vc_column][\/vc_row][vc_row][vc_column][vc_empty_space height=&#8221;96px&#8221;][\/vc_column][\/vc_row][vc_row][vc_column width=&#8221;1\/2&#8243;][vc_single_image image=&#8221;4933&#8243; img_size=&#8221;large&#8221; alignment=&#8221;center&#8221; style=&#8221;vc_box_outline&#8221;][\/vc_column][vc_column width=&#8221;1\/2&#8243;]<div class=\"edgtf-st\">\n\t<div class=\"edgtf-st-inner\">\n        <div class=\"edgtf-st-title-holder\">\n            <h2 class=\"edgtf-st-title\" style=\"text-align: center\">\n                <span>International trade<\/span>\n            <\/h2>\n        <\/div>\n        <div class=\"edgtf-separator-holder clearfix  edgtf-separator-center\">\n\t<div class=\"edgtf-separator\" style=\"border-color: #d8d8d8;width: 80%;border-bottom-width: 1px\"><\/div>\n<\/div>\n\t\t<div class=\"edgtf-st-text-holder\" style=\"text-align: center\">\n            <span class=\"edgtf-st-text-text\"><\/span>\n\t\t<\/div>\n\t<\/div>\n<\/div>[vc_column_text]Our business partners are from all over the world. Mutual confidence is verified by many years of cooperation, day-to-day communications and the realisation of a number of orders and projects. It is mainly the preparation of drawing documentation and the optimisation of products for manual glass production, searching for new producers and suppliers and preparing semi-finished products for the further cutting and gilding treatment. We also carry out complete delivery of finished products, including gift packs according to customer requirements.[\/vc_column_text][\/vc_column][\/vc_row][vc_row][vc_column][vc_empty_space height=&#8221;96px&#8221;][\/vc_column][\/vc_row][vc_row][vc_column width=&#8221;1\/2&#8243;]<div class=\"edgtf-st\">\n\t<div class=\"edgtf-st-inner\">\n        <div class=\"edgtf-st-title-holder\">\n            <h2 class=\"edgtf-st-title\" style=\"text-align: center\">\n                <span>About films RAYZIST Photomask<\/span>\n            <\/h2>\n        <\/div>\n        <div class=\"edgtf-separator-holder clearfix  edgtf-separator-center\">\n\t<div class=\"edgtf-separator\" style=\"border-color: #d8d8d8;width: 80%;border-bottom-width: 1px\"><\/div>\n<\/div>\n\t\t<div class=\"edgtf-st-text-holder\" style=\"text-align: center\">\n            <span class=\"edgtf-st-text-text\"><\/span>\n\t\t<\/div>\n\t<\/div>\n<\/div>[vc_column_text]We have been cooperating for a long time with a German company which sandblasting glass in large volumes. They spend about 15 pieces of 150-meters rolls of SR3000 UV Sandblasting films per year. That\u2019s about 2.3 km of film per year! They have been taking the UV films made by the American company Rayzist Photomask more than 20 years. The products of this company were not available on the Czech market until 2016. Thanks to a very good cooperation we have been offered an exclusive distribution of these films for the Czech Republic. The films were quickly favoured by the all glass sanding companies in Czech-Moravian Highlands, Pod\u011bbrady and around the town Nov\u00fd Bor and in other parts of Bohemia for their quality and good price.[\/vc_column_text][\/vc_column][vc_column width=&#8221;1\/2&#8243;][vc_single_image image=&#8221;4939&#8243; img_size=&#8221;large&#8221; alignment=&#8221;center&#8221; style=&#8221;vc_box_outline&#8221;][\/vc_column][\/vc_row][vc_row][vc_column][vc_empty_space height=&#8221;96px&#8221;][\/vc_column][\/vc_row]<\/p>\n<\/div>","protected":false},"excerpt":{"rendered":"<p>[vc_row][vc_column width=&#8221;1\/2&#8243;][vc_column_text]I come from the town Svetla nad Sazavou, where many glass companies are located. For example, the world-renowned glass factory Crystalite Bohemia, formerly known as Sklo Bohemia or Bohemia Crystal and the historical glass factory Caesar Crystal, where is cased crystal still produced in [&hellip;]<\/p>\n","protected":false},"author":2,"featured_media":0,"parent":0,"menu_order":0,"comment_status":"closed","ping_status":"closed","template":"","meta":{"footnotes":""},"class_list":["post-6822","page","type-page","status-publish","hentry"],"yoast_head":"<!-- This site is optimized with the Yoast SEO plugin v27.6 - https:\/\/yoast.com\/product\/yoast-seo-wordpress\/ -->\n<title>About Us &#8211; Kotara Original<\/title>\n<meta name=\"robots\" content=\"index, follow, max-snippet:-1, max-image-preview:large, max-video-preview:-1\" \/>\n<link rel=\"canonical\" href=\"https:\/\/kotaraoriginal.cz\/en\/about-us\/\" \/>\n<meta property=\"og:locale\" content=\"en_US\" \/>\n<meta property=\"og:type\" content=\"article\" \/>\n<meta property=\"og:title\" content=\"About Us &#8211; Kotara Original\" \/>\n<meta property=\"og:description\" content=\"[vc_row][vc_column width=&#8221;1\/2&#8243;][vc_column_text]I come from the town Svetla nad Sazavou, where many glass companies are located. For example, the world-renowned glass factory Crystalite Bohemia, formerly known as Sklo Bohemia or Bohemia Crystal and the historical glass factory Caesar Crystal, where is cased crystal still produced in [&hellip;]\" \/>\n<meta property=\"og:url\" content=\"https:\/\/kotaraoriginal.cz\/en\/about-us\/\" \/>\n<meta property=\"og:site_name\" content=\"Kotara Original\" \/>\n<meta property=\"article:publisher\" content=\"https:\/\/www.facebook.com\/kotaraoriginal.cz\/\" \/>\n<meta property=\"article:modified_time\" content=\"2023-07-22T17:54:39+00:00\" \/>\n<meta name=\"twitter:card\" content=\"summary_large_image\" \/>\n<meta name=\"twitter:label1\" content=\"Est. reading time\" \/>\n\t<meta name=\"twitter:data1\" content=\"3 minutes\" \/>\n<script type=\"application\/ld+json\" class=\"yoast-schema-graph\">{\"@context\":\"https:\\\/\\\/schema.org\",\"@graph\":[{\"@type\":\"WebPage\",\"@id\":\"https:\\\/\\\/kotaraoriginal.cz\\\/en\\\/about-us\\\/\",\"url\":\"https:\\\/\\\/kotaraoriginal.cz\\\/en\\\/about-us\\\/\",\"name\":\"About Us &#8211; Kotara Original\",\"isPartOf\":{\"@id\":\"https:\\\/\\\/kotaraoriginal.cz\\\/en\\\/#website\"},\"datePublished\":\"2017-05-11T09:14:27+00:00\",\"dateModified\":\"2023-07-22T17:54:39+00:00\",\"breadcrumb\":{\"@id\":\"https:\\\/\\\/kotaraoriginal.cz\\\/en\\\/about-us\\\/#breadcrumb\"},\"inLanguage\":\"en-US\",\"potentialAction\":[{\"@type\":\"ReadAction\",\"target\":[\"https:\\\/\\\/kotaraoriginal.cz\\\/en\\\/about-us\\\/\"]}]},{\"@type\":\"BreadcrumbList\",\"@id\":\"https:\\\/\\\/kotaraoriginal.cz\\\/en\\\/about-us\\\/#breadcrumb\",\"itemListElement\":[{\"@type\":\"ListItem\",\"position\":1,\"name\":\"Dom\u016f\",\"item\":\"https:\\\/\\\/kotaraoriginal.cz\\\/en\\\/\"},{\"@type\":\"ListItem\",\"position\":2,\"name\":\"About Us\"}]},{\"@type\":\"WebSite\",\"@id\":\"https:\\\/\\\/kotaraoriginal.cz\\\/en\\\/#website\",\"url\":\"https:\\\/\\\/kotaraoriginal.cz\\\/en\\\/\",\"name\":\"Ko\u0165ara\",\"description\":\"RAYZIST Photomask films, masksmaking, sandblasted logos on glass gifts\",\"publisher\":{\"@id\":\"https:\\\/\\\/kotaraoriginal.cz\\\/en\\\/#organization\"},\"alternateName\":\"UV-fotocitliv\u00e9 p\u00edskovac\u00ed f\u00f3lie RAYZIST Photomask\",\"potentialAction\":[{\"@type\":\"SearchAction\",\"target\":{\"@type\":\"EntryPoint\",\"urlTemplate\":\"https:\\\/\\\/kotaraoriginal.cz\\\/en\\\/?s={search_term_string}\"},\"query-input\":{\"@type\":\"PropertyValueSpecification\",\"valueRequired\":true,\"valueName\":\"search_term_string\"}}],\"inLanguage\":\"en-US\"},{\"@type\":\"Organization\",\"@id\":\"https:\\\/\\\/kotaraoriginal.cz\\\/en\\\/#organization\",\"name\":\"Kotara s.r.o. - UV-p\u00edskovac\u00ed foto-f\u00f3lie RAYZIST Photomask\",\"alternateName\":\"Kotara s.r.o.\",\"url\":\"https:\\\/\\\/kotaraoriginal.cz\\\/en\\\/\",\"logo\":{\"@type\":\"ImageObject\",\"inLanguage\":\"en-US\",\"@id\":\"https:\\\/\\\/kotaraoriginal.cz\\\/en\\\/#\\\/schema\\\/logo\\\/image\\\/\",\"url\":\"\",\"contentUrl\":\"\",\"caption\":\"Kotara s.r.o. - UV-p\u00edskovac\u00ed foto-f\u00f3lie RAYZIST Photomask\"},\"image\":{\"@id\":\"https:\\\/\\\/kotaraoriginal.cz\\\/en\\\/#\\\/schema\\\/logo\\\/image\\\/\"},\"sameAs\":[\"https:\\\/\\\/www.facebook.com\\\/kotaraoriginal.cz\\\/\",\"https:\\\/\\\/www.instagram.com\\\/kotaraoriginal\\\/\",\"https:\\\/\\\/www.linkedin.com\\\/company\\\/kotara-s.r.o.\",\"https:\\\/\\\/cz.pinterest.com\\\/kotaraoriginal\\\/\"]}]}<\/script>\n<!-- \/ Yoast SEO plugin. -->","yoast_head_json":{"title":"About Us &#8211; Kotara Original","robots":{"index":"index","follow":"follow","max-snippet":"max-snippet:-1","max-image-preview":"max-image-preview:large","max-video-preview":"max-video-preview:-1"},"canonical":"https:\/\/kotaraoriginal.cz\/en\/about-us\/","og_locale":"en_US","og_type":"article","og_title":"About Us &#8211; Kotara Original","og_description":"[vc_row][vc_column width=&#8221;1\/2&#8243;][vc_column_text]I come from the town Svetla nad Sazavou, where many glass companies are located. For example, the world-renowned glass factory Crystalite Bohemia, formerly known as Sklo Bohemia or Bohemia Crystal and the historical glass factory Caesar Crystal, where is cased crystal still produced in [&hellip;]","og_url":"https:\/\/kotaraoriginal.cz\/en\/about-us\/","og_site_name":"Kotara Original","article_publisher":"https:\/\/www.facebook.com\/kotaraoriginal.cz\/","article_modified_time":"2023-07-22T17:54:39+00:00","twitter_card":"summary_large_image","twitter_misc":{"Est. reading time":"3 minutes"},"schema":{"@context":"https:\/\/schema.org","@graph":[{"@type":"WebPage","@id":"https:\/\/kotaraoriginal.cz\/en\/about-us\/","url":"https:\/\/kotaraoriginal.cz\/en\/about-us\/","name":"About Us &#8211; Kotara Original","isPartOf":{"@id":"https:\/\/kotaraoriginal.cz\/en\/#website"},"datePublished":"2017-05-11T09:14:27+00:00","dateModified":"2023-07-22T17:54:39+00:00","breadcrumb":{"@id":"https:\/\/kotaraoriginal.cz\/en\/about-us\/#breadcrumb"},"inLanguage":"en-US","potentialAction":[{"@type":"ReadAction","target":["https:\/\/kotaraoriginal.cz\/en\/about-us\/"]}]},{"@type":"BreadcrumbList","@id":"https:\/\/kotaraoriginal.cz\/en\/about-us\/#breadcrumb","itemListElement":[{"@type":"ListItem","position":1,"name":"Dom\u016f","item":"https:\/\/kotaraoriginal.cz\/en\/"},{"@type":"ListItem","position":2,"name":"About Us"}]},{"@type":"WebSite","@id":"https:\/\/kotaraoriginal.cz\/en\/#website","url":"https:\/\/kotaraoriginal.cz\/en\/","name":"Ko\u0165ara","description":"RAYZIST Photomask films, masksmaking, sandblasted logos on glass gifts","publisher":{"@id":"https:\/\/kotaraoriginal.cz\/en\/#organization"},"alternateName":"UV-fotocitliv\u00e9 p\u00edskovac\u00ed f\u00f3lie RAYZIST Photomask","potentialAction":[{"@type":"SearchAction","target":{"@type":"EntryPoint","urlTemplate":"https:\/\/kotaraoriginal.cz\/en\/?s={search_term_string}"},"query-input":{"@type":"PropertyValueSpecification","valueRequired":true,"valueName":"search_term_string"}}],"inLanguage":"en-US"},{"@type":"Organization","@id":"https:\/\/kotaraoriginal.cz\/en\/#organization","name":"Kotara s.r.o. - UV-p\u00edskovac\u00ed foto-f\u00f3lie RAYZIST Photomask","alternateName":"Kotara s.r.o.","url":"https:\/\/kotaraoriginal.cz\/en\/","logo":{"@type":"ImageObject","inLanguage":"en-US","@id":"https:\/\/kotaraoriginal.cz\/en\/#\/schema\/logo\/image\/","url":"","contentUrl":"","caption":"Kotara s.r.o. - UV-p\u00edskovac\u00ed foto-f\u00f3lie RAYZIST Photomask"},"image":{"@id":"https:\/\/kotaraoriginal.cz\/en\/#\/schema\/logo\/image\/"},"sameAs":["https:\/\/www.facebook.com\/kotaraoriginal.cz\/","https:\/\/www.instagram.com\/kotaraoriginal\/","https:\/\/www.linkedin.com\/company\/kotara-s.r.o.","https:\/\/cz.pinterest.com\/kotaraoriginal\/"]}]}},"_links":{"self":[{"href":"https:\/\/kotaraoriginal.cz\/en\/wp-json\/wp\/v2\/pages\/6822","targetHints":{"allow":["GET"]}}],"collection":[{"href":"https:\/\/kotaraoriginal.cz\/en\/wp-json\/wp\/v2\/pages"}],"about":[{"href":"https:\/\/kotaraoriginal.cz\/en\/wp-json\/wp\/v2\/types\/page"}],"author":[{"embeddable":true,"href":"https:\/\/kotaraoriginal.cz\/en\/wp-json\/wp\/v2\/users\/2"}],"replies":[{"embeddable":true,"href":"https:\/\/kotaraoriginal.cz\/en\/wp-json\/wp\/v2\/comments?post=6822"}],"version-history":[{"count":0,"href":"https:\/\/kotaraoriginal.cz\/en\/wp-json\/wp\/v2\/pages\/6822\/revisions"}],"wp:attachment":[{"href":"https:\/\/kotaraoriginal.cz\/en\/wp-json\/wp\/v2\/media?parent=6822"}],"curies":[{"name":"wp","href":"https:\/\/api.w.org\/{rel}","templated":true}]}}