{"id":6817,"date":"2017-01-25T22:42:26","date_gmt":"2017-01-25T21:42:26","guid":{"rendered":"https:\/\/kotaraoriginal.cz\/production-of-sandblasting-stencils\/"},"modified":"2025-01-26T21:50:46","modified_gmt":"2025-01-26T20:50:46","slug":"production-of-sandblasting-stencils","status":"publish","type":"page","link":"https:\/\/kotaraoriginal.cz\/en\/production-of-sandblasting-stencils\/","title":{"rendered":"Production of sandblasting masks"},"content":{"rendered":"<div class=\"wpb-content-wrapper\"><p>[vc_row content_width=&#8221;grid&#8221; css=&#8221;.vc_custom_1539543945055{margin-top: -75px !important;}&#8221;][vc_column css=&#8221;.vc_custom_1539511462071{border-top-width: -55px !important;}&#8221;]<div class=\"edgtf-st\">\n\t<div class=\"edgtf-st-inner\">\n        <div class=\"edgtf-st-title-holder\">\n            <h2 class=\"edgtf-st-title\" style=\"text-align: center\">\n                <span><\/span>\n            <\/h2>\n        <\/div>\n        \t\t<div class=\"edgtf-st-text-holder\" style=\"text-align: center\">\n            <span class=\"edgtf-st-text-text\"><img loading=\"lazy\" decoding=\"async\" class=\"wp-image-4523 aligncenter\" src=\"https:\/\/kotaraoriginal.cz\/wp-content\/uploads\/2016\/11\/Rayzist-Logo-Color-2015.jpg\" alt=\"rayzist-logo-color-2015\" width=\"302\" height=\"165\" \/><\/p>\n<hr \/>\n<p><\/span>\n\t\t<\/div>\n\t<\/div>\n<\/div>[\/vc_column][\/vc_row][vc_row][vc_column][vc_empty_space][\/vc_column][\/vc_row][vc_row rtl_reverse=&#8221;yes&#8221; css_animation=&#8221;edgtf-element-from-left&#8221;][vc_column css_animation=&#8221;none&#8221; el_id=&#8221;1&#8243;]<div class=\"edgtf-pricing-tables clearfix  edgtf-three-columns edgtf-small-space\"><div class=\"edgtf-pricing-tables-inner\"><div class=\"edgtf-price-table edgtf-title-above-price\">\n\t<div class=\"edgtf-price-table-inner\">\n\t\t<ul >\n\t\t\t\t\t\t\t<li class=\"edgtf-table-title\" style=\"color: #000000;background-color: #cda349\">\n\t\t\t\t\t<span class=\"edgtf-title-content\">For glass and fine sandblasting<\/span>\n\t\t\t\t<\/li>\n\t\t\t\t\t\t<li class=\"edgtf-table-prices\">\n\t\t\t\t\t\t\t\t\t<div class=\"edgtf-price-in-table\">\n\t\t\t\t\t\t<sup class=\"edgtf-value\">*<\/sup>\n\t\t\t\t\t\t<span class=\"edgtf-price\">185<\/span>\n\t\t\t\t\t\t<span class=\"edgtf-mark\">,-<\/span>\n\t\t\t\t\t<\/div>\t\n\t\t\t\t\t\t\t<\/li>\n\t\t\t<li class=\"edgtf-table-content\">\n\t\t\t\t\n<ul>\n<li>material 76 \u00b5m (3 mil) SR3000\/A5<\/li>\n<li>maximum motive size 140 x 190 mm<\/li>\n<li>+ exposure matrix printing 50,- CZK\/A5<\/li>\n<\/ul>\n\t\t\t<\/li>\n\t\t\t\t\t\t\t\t\t\t\t<li class=\"edgtf-price-button\">\n\t\t\t\t\t<a href=\"#rychlapoptavka\" target=\"_self\"  class=\"edgtf-btn edgtf-btn-large edgtf-btn-solid\"  >   \t        \t<span class=\"edgtf-btn-text\">Poptat<\/span>        <\/a>\t\t\t\t<\/li>\t\t\t\t\n\t\t\t\t\t<\/ul>\n\t<\/div>\n<\/div><div class=\"edgtf-price-table edgtf-title-above-price\">\n\t<div class=\"edgtf-price-table-inner\">\n\t\t<ul >\n\t\t\t\t\t\t\t<li class=\"edgtf-table-title\" style=\"color: #000000;background-color: #cda349\">\n\t\t\t\t\t<span class=\"edgtf-title-content\">For glass and fine sandblasting<\/span>\n\t\t\t\t<\/li>\n\t\t\t\t\t\t<li class=\"edgtf-table-prices\">\n\t\t\t\t\t\t\t\t\t<div class=\"edgtf-price-in-table\">\n\t\t\t\t\t\t<sup class=\"edgtf-value\">*<\/sup>\n\t\t\t\t\t\t<span class=\"edgtf-price\">250<\/span>\n\t\t\t\t\t\t<span class=\"edgtf-mark\">,-<\/span>\n\t\t\t\t\t<\/div>\t\n\t\t\t\t\t\t\t<\/li>\n\t\t\t<li class=\"edgtf-table-content\">\n\t\t\t\t\n<ul>\n<li>material 76 \u00b5m (3 mil) SR3000\/A4<\/li>\n<li>maximum motive size 195 x 280 mm<\/li>\n<li>+ exposure matrix printing 95,- CZK\/A4<\/li>\n<\/ul>\n\t\t\t<\/li>\n\t\t\t\t\t\t\t\t\t\t\t<li class=\"edgtf-price-button\">\n\t\t\t\t\t<a href=\"#rychlapoptavka\" target=\"_self\"  class=\"edgtf-btn edgtf-btn-large edgtf-btn-solid\"  >   \t        \t<span class=\"edgtf-btn-text\">Poptat<\/span>        <\/a>\t\t\t\t<\/li>\t\t\t\t\n\t\t\t\t\t<\/ul>\n\t<\/div>\n<\/div><div class=\"edgtf-price-table edgtf-title-above-price\">\n\t<div class=\"edgtf-price-table-inner\">\n\t\t<ul >\n\t\t\t\t\t\t\t<li class=\"edgtf-table-title\" style=\"color: #000000;background-color: #8d8d8d\">\n\t\t\t\t\t<span class=\"edgtf-title-content\">For stone and deep sandblasting<\/span>\n\t\t\t\t<\/li>\n\t\t\t\t\t\t<li class=\"edgtf-table-prices\">\n\t\t\t\t\t\t\t\t\t<div class=\"edgtf-price-in-table\">\n\t\t\t\t\t\t<sup class=\"edgtf-value\">*<\/sup>\n\t\t\t\t\t\t<span class=\"edgtf-price\">310<\/span>\n\t\t\t\t\t\t<span class=\"edgtf-mark\">,-<\/span>\n\t\t\t\t\t<\/div>\t\n\t\t\t\t\t\t\t<\/li>\n\t\t\t<li class=\"edgtf-table-content\">\n\t\t\t\t\n<ul>\n<li>material 127 \u00b5m (5 mil) SR3000\/A4<\/li>\n<li>maximum motive size 195 x 280 mm<\/li>\n<li>+ exposure matrix printing 95,- CZK\/A4<\/li>\n<\/ul>\n\t\t\t<\/li>\n\t\t\t\t\t\t\t\t\t\t\t<li class=\"edgtf-price-button\">\n\t\t\t\t\t<a href=\"#rychlapoptavka\" target=\"_self\"  class=\"edgtf-btn edgtf-btn-large edgtf-btn-solid\"  >   \t        \t<span class=\"edgtf-btn-text\">Poptat<\/span>        <\/a>\t\t\t\t<\/li>\t\t\t\t\n\t\t\t\t\t<\/ul>\n\t<\/div>\n<\/div><\/div><\/div>[\/vc_column][\/vc_row][vc_row][vc_column][vc_empty_space height=&#8221;64px&#8221;]<div class=\"edgtf-st\">\n\t<div class=\"edgtf-st-inner\">\n        <div class=\"edgtf-st-title-holder\">\n            <h2 class=\"edgtf-st-title\" style=\"text-align: center\">\n                <span>Hourly rates and shipping<\/span>\n            <\/h2>\n        <\/div>\n        <div class=\"edgtf-separator-holder clearfix  edgtf-separator-center\">\n\t<div class=\"edgtf-separator\" style=\"border-color: #d8d8d8;width: 80%;border-bottom-width: 1px;margin-bottom: 25px\"><\/div>\n<\/div>\n\t\t<div class=\"edgtf-st-text-holder\" style=\"text-align: center\">\n            <span class=\"edgtf-st-text-text\"><\/span>\n\t\t<\/div>\n\t<\/div>\n<\/div>[vc_column_text css=&#8221;&#8221;]<\/p>\n<p style=\"text-align: center;\">basic graphic editing: 365,- CZK\/h<\/p>\n<p style=\"text-align: center;\">vectorization: 485,- CZK\/h<\/p>\n<p style=\"text-align: center;\">__<\/p>\n<p style=\"text-align: center;\">packaging and delivery to the address (Czechia only): 140,- CZK<br \/>\nor<br \/>\npackaging and delivery to the delivery point (Czechia only): 110,- CZK<\/p>\n<p style=\"text-align: center;\">* all listed prices are in CZK with VAT<\/p>\n<p>[\/vc_column_text][vc_empty_space height=&#8221;64px&#8221;][\/vc_column][\/vc_row][vc_row][vc_column]<div class=\"edgtf-st\">\n\t<div class=\"edgtf-st-inner\">\n        <div class=\"edgtf-st-title-holder\">\n            <h2 class=\"edgtf-st-title\" style=\"text-align: center\">\n                <span>Vyrobili jsme<\/span>\n            <\/h2>\n        <\/div>\n        <div class=\"edgtf-separator-holder clearfix  edgtf-separator-center\">\n\t<div class=\"edgtf-separator\" style=\"border-color: #d8d8d8;width: 80%;border-bottom-width: 1px;margin-bottom: 25px\"><\/div>\n<\/div>\n\t\t<div class=\"edgtf-st-text-holder\" style=\"text-align: center\">\n            <span class=\"edgtf-st-text-text\"><\/span>\n\t\t<\/div>\n\t<\/div>\n<\/div><div class=\"edgtf-image-gallery\">\n\t<div class=\"edgtf-image-gallery-grid edgtf-gallery-columns-3 \" >\n        \t\t\t\t\t<div class=\"edgtf-gallery-image\">\n\t\t\t\t\t\t\t\t<a href=\"https:\/\/kotaraoriginal.cz\/wp-content\/uploads\/2018\/10\/Mot\u00fdl-polot\u00f3n.jpg\" data-rel=\"prettyPhoto[single_pretty_photo-747]\" title=\"P\u00edskovac\u00ed \u0161ablona mot\u00fdl\">\n\t\t\t\t\t\t\t\t\t\t\t\t\t\t\t\t<img loading=\"lazy\" decoding=\"async\" src=\"https:\/\/kotaraoriginal.cz\/wp-content\/uploads\/2018\/10\/Mot\u00fdl-polot\u00f3n-1280x720.jpg\" alt=\"P\u00edskovac\u00ed \u0161ablona mot\u00fdl\" width=\"1280\" height=\"720\" \/>\t\t\t\t\t\t\t\t\t\t\t\t\t\t<\/a>\n\t\t\t\t\t\t<\/div>\n\t\t\t\t\t<div class=\"edgtf-gallery-image\">\n\t\t\t\t\t\t\t\t<a href=\"https:\/\/kotaraoriginal.cz\/wp-content\/uploads\/2018\/10\/P\u00edskovac\u00ed-\u0161ablny-na-pamn\u011bt\u00ed-desky.jpg\" data-rel=\"prettyPhoto[single_pretty_photo-747]\" title=\"P\u00edskovac\u00ed \u0161ablona na pam\u011btn\u00ed desku\">\n\t\t\t\t\t\t\t\t\t\t\t\t\t\t\t\t<img loading=\"lazy\" decoding=\"async\" src=\"https:\/\/kotaraoriginal.cz\/wp-content\/uploads\/2018\/10\/P\u00edskovac\u00ed-\u0161ablny-na-pamn\u011bt\u00ed-desky-1280x720.jpg\" alt=\"P\u00edskovac\u00ed \u0161ablona na pam\u011btn\u00ed desku\" width=\"1280\" height=\"720\" \/>\t\t\t\t\t\t\t\t\t\t\t\t\t\t<\/a>\n\t\t\t\t\t\t<\/div>\n\t\t\t\t\t<div class=\"edgtf-gallery-image\">\n\t\t\t\t\t\t\t\t<a href=\"https:\/\/kotaraoriginal.cz\/wp-content\/uploads\/2018\/10\/P\u00edskovan\u00e1-pam\u011btn\u00ed-deska-se-znakem-\u010ceskoslovensk\u00e9-st\u00e1tnosti.jpg\" data-rel=\"prettyPhoto[single_pretty_photo-747]\" title=\"P\u00edskovan\u00e1 pam\u011btn\u00ed deska se znakem \u010deskoslovensk\u00e9 st\u00e1tnosti\">\n\t\t\t\t\t\t\t\t\t\t\t\t\t\t\t\t<img loading=\"lazy\" decoding=\"async\" src=\"https:\/\/kotaraoriginal.cz\/wp-content\/uploads\/2018\/10\/P\u00edskovan\u00e1-pam\u011btn\u00ed-deska-se-znakem-\u010ceskoslovensk\u00e9-st\u00e1tnosti-1280x720.jpg\" alt=\"P\u00edskovan\u00e1 pam\u011btn\u00ed deska se znakem \u010deskoslovensk\u00e9 st\u00e1tnosti\" width=\"1280\" height=\"720\" \/>\t\t\t\t\t\t\t\t\t\t\t\t\t\t<\/a>\n\t\t\t\t\t\t<\/div>\n\t\t\t<\/div>\n<\/div>[\/vc_column][\/vc_row][vc_row anchor=&#8221;rychlapoptavka&#8221;][vc_column][vc_empty_space height=&#8221;64px&#8221;]<div class=\"edgtf-st\">\n\t<div class=\"edgtf-st-inner\">\n        <div class=\"edgtf-st-title-holder\">\n            <h2 class=\"edgtf-st-title\" style=\"text-align: center\">\n                <span>Rychl\u00e1 popt\u00e1vka<\/span>\n            <\/h2>\n        <\/div>\n        <div class=\"edgtf-separator-holder clearfix  edgtf-separator-center\">\n\t<div class=\"edgtf-separator\" style=\"border-color: #d8d8d8;width: 80%;border-bottom-width: 1px;margin-bottom: 16px\"><\/div>\n<\/div>\n\t\t<div class=\"edgtf-st-text-holder\" style=\"text-align: center\">\n            <span class=\"edgtf-st-text-text\"><\/span>\n\t\t<\/div>\n\t<\/div>\n<\/div>[vc_column_text]\n<div class=\"wpcf7 no-js\" id=\"wpcf7-f7245-o1\" lang=\"en-US\" dir=\"ltr\" data-wpcf7-id=\"7245\">\n<div class=\"screen-reader-response\"><p role=\"status\" aria-live=\"polite\" aria-atomic=\"true\"><\/p> <ul><\/ul><\/div>\n<form action=\"\/en\/wp-json\/wp\/v2\/pages\/6817#wpcf7-f7245-o1\" method=\"post\" class=\"wpcf7-form init\" aria-label=\"Contact form\" enctype=\"multipart\/form-data\" novalidate=\"novalidate\" data-status=\"init\">\n<fieldset class=\"hidden-fields-container\"><input type=\"hidden\" name=\"_wpcf7\" value=\"7245\" \/><input type=\"hidden\" name=\"_wpcf7_version\" value=\"6.1.5\" \/><input type=\"hidden\" name=\"_wpcf7_locale\" value=\"en_US\" \/><input type=\"hidden\" name=\"_wpcf7_unit_tag\" value=\"wpcf7-f7245-o1\" \/><input type=\"hidden\" name=\"_wpcf7_container_post\" value=\"0\" \/><input type=\"hidden\" name=\"_wpcf7_posted_data_hash\" value=\"\" \/><input type=\"hidden\" name=\"_wpcf7_recaptcha_response\" value=\"\" \/>\n<\/fieldset>\n<p>Your name<span style=\"color: #ff0000;\">*<\/span><br \/>\n<span class=\"wpcf7-form-control-wrap\" data-name=\"your-name\"><input size=\"40\" maxlength=\"400\" class=\"wpcf7-form-control wpcf7-text wpcf7-validates-as-required\" aria-required=\"true\" aria-invalid=\"false\" value=\"\" type=\"text\" name=\"your-name\" \/><\/span>\n<\/p>\n<p>Your delivery address<span style=\"color: #ff0000;\">*<\/span>: (street no., zip code city)<br \/>\n<span class=\"wpcf7-form-control-wrap\" data-name=\"text-414\"><input size=\"40\" maxlength=\"400\" class=\"wpcf7-form-control wpcf7-text wpcf7-validates-as-required\" aria-required=\"true\" aria-invalid=\"false\" value=\"\" type=\"text\" name=\"text-414\" \/><\/span>\n<\/p>\n<p>Your email<span style=\"color: #ff0000;\">*<\/span><br \/>\n<span class=\"wpcf7-form-control-wrap\" data-name=\"your-email\"><input size=\"40\" maxlength=\"400\" class=\"wpcf7-form-control wpcf7-email wpcf7-validates-as-required wpcf7-text wpcf7-validates-as-email\" aria-required=\"true\" aria-invalid=\"false\" value=\"\" type=\"email\" name=\"your-email\" \/><\/span>\n<\/p>\n<p>Your phone<span style=\"color: #ff0000;\">*<\/span>\n<\/p>\n<p><span class=\"wpcf7-form-control-wrap\" data-name=\"tel-269\"><input size=\"40\" maxlength=\"400\" class=\"wpcf7-form-control wpcf7-tel wpcf7-validates-as-required wpcf7-text wpcf7-validates-as-tel\" aria-required=\"true\" aria-invalid=\"false\" value=\"\" type=\"tel\" name=\"tel-269\" \/><\/span>\n<\/p>\n<p><span style=\"color: #ff0000;\">*<\/span>required\n<\/p>\n<p>Your billing address<br \/>\n<span class=\"wpcf7-form-control-wrap\" data-name=\"text-833\"><input size=\"40\" maxlength=\"400\" class=\"wpcf7-form-control wpcf7-text\" aria-invalid=\"false\" value=\"company name, ID number, VAT number\" type=\"text\" name=\"text-833\" \/><\/span>\n<\/p>\n<p>Attach your file with the desired theme (eg: jpg, png, pdf, cdr, ai, eps; up to 12Mb)<br \/>\n<span class=\"wpcf7-form-control-wrap\" data-name=\"your-file\"><input size=\"40\" class=\"wpcf7-form-control wpcf7-file\" accept=\".jpg,.jpeg,.png,.pdf,.cdr,.ai,.eps\" aria-invalid=\"false\" type=\"file\" name=\"your-file\" \/><\/span>\n<\/p>\n<p>Your message<br \/>\n<span class=\"wpcf7-form-control-wrap\" data-name=\"your-message\"><textarea cols=\"40\" rows=\"10\" maxlength=\"2000\" class=\"wpcf7-form-control wpcf7-textarea\" aria-invalid=\"false\" name=\"your-message\">Describe as precisely as possible what you are asking for:\r\n1. what material will you sandblast?\r\n2. how many templates do you need and how thick foil (76 or 127 \u03bcm)\r\n3. dimensions of the sandblasted motif\r\n4. should we keep the aspect ratio or adapt to one main dimension\r\n5. how quickly you need templates\r\n6. anything else we should know<\/textarea><\/span>\n<\/p>\n<p><span class=\"wpcf7-form-control-wrap\" data-name=\"quiz-556\"><label><span class=\"wpcf7-quiz-label\">What is the capital of the Czech Republic?<\/span> <input size=\"40\" class=\"wpcf7-form-control wpcf7-quiz\" autocomplete=\"off\" aria-required=\"true\" aria-invalid=\"false\" type=\"text\" name=\"quiz-556\" \/><\/label><input type=\"hidden\" name=\"_wpcf7_quiz_answer_quiz-556\" value=\"8bc15c38f5a36ce415f89e6ee04012a3\" \/><\/span>\n<\/p>\n<p><span style=\"color: #ff0000;\">*<\/span>required\n<\/p>\n<p><input class=\"wpcf7-form-control wpcf7-submit has-spinner\" type=\"submit\" value=\"Submit\" \/>\n<\/p><p style=\"display: none !important;\" class=\"akismet-fields-container\" data-prefix=\"_wpcf7_ak_\"><label>&#916;<textarea name=\"_wpcf7_ak_hp_textarea\" cols=\"45\" rows=\"8\" maxlength=\"100\"><\/textarea><\/label><input type=\"hidden\" id=\"ak_js_1\" name=\"_wpcf7_ak_js\" value=\"151\"\/><script type=\"text\/javascript\">\n\/* <![CDATA[ *\/\ndocument.getElementById( \"ak_js_1\" ).setAttribute( \"value\", ( new Date() ).getTime() );\n\/* ]]> *\/\n<\/script>\n<\/p><div class=\"wpcf7-response-output\" aria-hidden=\"true\"><\/div>\n<\/form>\n<\/div>\n[\/vc_column_text][vc_empty_space height=&#8221;96px&#8221;][\/vc_column][\/vc_row]<\/p>\n<\/div>","protected":false},"excerpt":{"rendered":"<p>[vc_row content_width=&#8221;grid&#8221; css=&#8221;.vc_custom_1539543945055{margin-top: -75px !important;}&#8221;][vc_column css=&#8221;.vc_custom_1539511462071{border-top-width: -55px !important;}&#8221;][\/vc_column][\/vc_row][vc_row][vc_column][vc_empty_space][\/vc_column][\/vc_row][vc_row rtl_reverse=&#8221;yes&#8221; css_animation=&#8221;edgtf-element-from-left&#8221;][vc_column css_animation=&#8221;none&#8221; el_id=&#8221;1&#8243;][\/vc_column][\/vc_row][vc_row][vc_column][vc_empty_space height=&#8221;64px&#8221;][vc_column_text css=&#8221;&#8221;] basic graphic editing: 365,- CZK\/h vectorization: 485,- CZK\/h __ packaging and delivery to the address (Czechia only): 140,- CZK or packaging and delivery to the delivery point (Czechia only): 110,- CZK [&hellip;]<\/p>\n","protected":false},"author":2,"featured_media":0,"parent":0,"menu_order":0,"comment_status":"closed","ping_status":"closed","template":"","meta":{"footnotes":""},"class_list":["post-6817","page","type-page","status-publish","hentry"],"yoast_head":"<!-- This site is optimized with the Yoast SEO plugin v27.5 - https:\/\/yoast.com\/product\/yoast-seo-wordpress\/ -->\n<title>Manufacturing of sandblasting masks for glass and stone<\/title>\n<meta name=\"description\" content=\"We will make custom-made sandblasting masks.\" \/>\n<meta name=\"robots\" content=\"index, follow, max-snippet:-1, max-image-preview:large, max-video-preview:-1\" \/>\n<link rel=\"canonical\" href=\"https:\/\/kotaraoriginal.cz\/en\/production-of-sandblasting-stencils\/\" \/>\n<meta property=\"og:locale\" content=\"en_US\" \/>\n<meta property=\"og:type\" content=\"article\" \/>\n<meta property=\"og:title\" content=\"Manufacturing of sandblasting masks for glass and stone\" \/>\n<meta property=\"og:description\" content=\"We will make custom-made sandblasting masks.\" \/>\n<meta property=\"og:url\" content=\"https:\/\/kotaraoriginal.cz\/en\/production-of-sandblasting-stencils\/\" \/>\n<meta property=\"og:site_name\" content=\"Kotara Original\" \/>\n<meta property=\"article:publisher\" content=\"https:\/\/www.facebook.com\/kotaraoriginal.cz\/\" \/>\n<meta property=\"article:modified_time\" content=\"2025-01-26T20:50:46+00:00\" \/>\n<meta property=\"og:image\" content=\"https:\/\/kotaraoriginal.cz\/wp-content\/uploads\/2016\/11\/Rayzist-Logo-Color-2015.jpg\" \/>\n\t<meta property=\"og:image:width\" content=\"1300\" \/>\n\t<meta property=\"og:image:height\" content=\"720\" \/>\n\t<meta property=\"og:image:type\" content=\"image\/jpeg\" \/>\n<meta name=\"twitter:card\" content=\"summary_large_image\" \/>\n<meta name=\"twitter:label1\" content=\"Est. reading time\" \/>\n\t<meta name=\"twitter:data1\" content=\"2 minutes\" \/>\n<script type=\"application\/ld+json\" class=\"yoast-schema-graph\">{\"@context\":\"https:\\\/\\\/schema.org\",\"@graph\":[{\"@type\":\"WebPage\",\"@id\":\"https:\\\/\\\/kotaraoriginal.cz\\\/en\\\/production-of-sandblasting-stencils\\\/\",\"url\":\"https:\\\/\\\/kotaraoriginal.cz\\\/en\\\/production-of-sandblasting-stencils\\\/\",\"name\":\"Manufacturing of sandblasting masks for glass and stone\",\"isPartOf\":{\"@id\":\"https:\\\/\\\/kotaraoriginal.cz\\\/en\\\/#website\"},\"primaryImageOfPage\":{\"@id\":\"https:\\\/\\\/kotaraoriginal.cz\\\/en\\\/production-of-sandblasting-stencils\\\/#primaryimage\"},\"image\":{\"@id\":\"https:\\\/\\\/kotaraoriginal.cz\\\/en\\\/production-of-sandblasting-stencils\\\/#primaryimage\"},\"thumbnailUrl\":\"https:\\\/\\\/kotaraoriginal.cz\\\/wp-content\\\/uploads\\\/2016\\\/11\\\/Rayzist-Logo-Color-2015.jpg\",\"datePublished\":\"2017-01-25T21:42:26+00:00\",\"dateModified\":\"2025-01-26T20:50:46+00:00\",\"description\":\"We will make custom-made sandblasting masks.\",\"breadcrumb\":{\"@id\":\"https:\\\/\\\/kotaraoriginal.cz\\\/en\\\/production-of-sandblasting-stencils\\\/#breadcrumb\"},\"inLanguage\":\"en-US\",\"potentialAction\":[{\"@type\":\"ReadAction\",\"target\":[\"https:\\\/\\\/kotaraoriginal.cz\\\/en\\\/production-of-sandblasting-stencils\\\/\"]}]},{\"@type\":\"ImageObject\",\"inLanguage\":\"en-US\",\"@id\":\"https:\\\/\\\/kotaraoriginal.cz\\\/en\\\/production-of-sandblasting-stencils\\\/#primaryimage\",\"url\":\"https:\\\/\\\/kotaraoriginal.cz\\\/wp-content\\\/uploads\\\/2016\\\/11\\\/Rayzist-Logo-Color-2015.jpg\",\"contentUrl\":\"https:\\\/\\\/kotaraoriginal.cz\\\/wp-content\\\/uploads\\\/2016\\\/11\\\/Rayzist-Logo-Color-2015.jpg\"},{\"@type\":\"BreadcrumbList\",\"@id\":\"https:\\\/\\\/kotaraoriginal.cz\\\/en\\\/production-of-sandblasting-stencils\\\/#breadcrumb\",\"itemListElement\":[{\"@type\":\"ListItem\",\"position\":1,\"name\":\"Dom\u016f\",\"item\":\"https:\\\/\\\/kotaraoriginal.cz\\\/en\\\/\"},{\"@type\":\"ListItem\",\"position\":2,\"name\":\"Production of sandblasting masks\"}]},{\"@type\":\"WebSite\",\"@id\":\"https:\\\/\\\/kotaraoriginal.cz\\\/en\\\/#website\",\"url\":\"https:\\\/\\\/kotaraoriginal.cz\\\/en\\\/\",\"name\":\"Ko\u0165ara\",\"description\":\"RAYZIST Photomask films, masksmaking, sandblasted logos on glass gifts\",\"publisher\":{\"@id\":\"https:\\\/\\\/kotaraoriginal.cz\\\/en\\\/#organization\"},\"alternateName\":\"UV-fotocitliv\u00e9 p\u00edskovac\u00ed f\u00f3lie RAYZIST Photomask\",\"potentialAction\":[{\"@type\":\"SearchAction\",\"target\":{\"@type\":\"EntryPoint\",\"urlTemplate\":\"https:\\\/\\\/kotaraoriginal.cz\\\/en\\\/?s={search_term_string}\"},\"query-input\":{\"@type\":\"PropertyValueSpecification\",\"valueRequired\":true,\"valueName\":\"search_term_string\"}}],\"inLanguage\":\"en-US\"},{\"@type\":\"Organization\",\"@id\":\"https:\\\/\\\/kotaraoriginal.cz\\\/en\\\/#organization\",\"name\":\"Kotara s.r.o. - UV-p\u00edskovac\u00ed foto-f\u00f3lie RAYZIST Photomask\",\"alternateName\":\"Kotara s.r.o.\",\"url\":\"https:\\\/\\\/kotaraoriginal.cz\\\/en\\\/\",\"logo\":{\"@type\":\"ImageObject\",\"inLanguage\":\"en-US\",\"@id\":\"https:\\\/\\\/kotaraoriginal.cz\\\/en\\\/#\\\/schema\\\/logo\\\/image\\\/\",\"url\":\"\",\"contentUrl\":\"\",\"caption\":\"Kotara s.r.o. - UV-p\u00edskovac\u00ed foto-f\u00f3lie RAYZIST Photomask\"},\"image\":{\"@id\":\"https:\\\/\\\/kotaraoriginal.cz\\\/en\\\/#\\\/schema\\\/logo\\\/image\\\/\"},\"sameAs\":[\"https:\\\/\\\/www.facebook.com\\\/kotaraoriginal.cz\\\/\",\"https:\\\/\\\/www.instagram.com\\\/kotaraoriginal\\\/\",\"https:\\\/\\\/www.linkedin.com\\\/company\\\/kotara-s.r.o.\",\"https:\\\/\\\/cz.pinterest.com\\\/kotaraoriginal\\\/\"]}]}<\/script>\n<!-- \/ Yoast SEO plugin. -->","yoast_head_json":{"title":"Manufacturing of sandblasting masks for glass and stone","description":"We will make custom-made sandblasting masks.","robots":{"index":"index","follow":"follow","max-snippet":"max-snippet:-1","max-image-preview":"max-image-preview:large","max-video-preview":"max-video-preview:-1"},"canonical":"https:\/\/kotaraoriginal.cz\/en\/production-of-sandblasting-stencils\/","og_locale":"en_US","og_type":"article","og_title":"Manufacturing of sandblasting masks for glass and stone","og_description":"We will make custom-made sandblasting masks.","og_url":"https:\/\/kotaraoriginal.cz\/en\/production-of-sandblasting-stencils\/","og_site_name":"Kotara Original","article_publisher":"https:\/\/www.facebook.com\/kotaraoriginal.cz\/","article_modified_time":"2025-01-26T20:50:46+00:00","og_image":[{"width":1300,"height":720,"url":"https:\/\/kotaraoriginal.cz\/wp-content\/uploads\/2016\/11\/Rayzist-Logo-Color-2015.jpg","type":"image\/jpeg"}],"twitter_card":"summary_large_image","twitter_misc":{"Est. reading time":"2 minutes"},"schema":{"@context":"https:\/\/schema.org","@graph":[{"@type":"WebPage","@id":"https:\/\/kotaraoriginal.cz\/en\/production-of-sandblasting-stencils\/","url":"https:\/\/kotaraoriginal.cz\/en\/production-of-sandblasting-stencils\/","name":"Manufacturing of sandblasting masks for glass and stone","isPartOf":{"@id":"https:\/\/kotaraoriginal.cz\/en\/#website"},"primaryImageOfPage":{"@id":"https:\/\/kotaraoriginal.cz\/en\/production-of-sandblasting-stencils\/#primaryimage"},"image":{"@id":"https:\/\/kotaraoriginal.cz\/en\/production-of-sandblasting-stencils\/#primaryimage"},"thumbnailUrl":"https:\/\/kotaraoriginal.cz\/wp-content\/uploads\/2016\/11\/Rayzist-Logo-Color-2015.jpg","datePublished":"2017-01-25T21:42:26+00:00","dateModified":"2025-01-26T20:50:46+00:00","description":"We will make custom-made sandblasting masks.","breadcrumb":{"@id":"https:\/\/kotaraoriginal.cz\/en\/production-of-sandblasting-stencils\/#breadcrumb"},"inLanguage":"en-US","potentialAction":[{"@type":"ReadAction","target":["https:\/\/kotaraoriginal.cz\/en\/production-of-sandblasting-stencils\/"]}]},{"@type":"ImageObject","inLanguage":"en-US","@id":"https:\/\/kotaraoriginal.cz\/en\/production-of-sandblasting-stencils\/#primaryimage","url":"https:\/\/kotaraoriginal.cz\/wp-content\/uploads\/2016\/11\/Rayzist-Logo-Color-2015.jpg","contentUrl":"https:\/\/kotaraoriginal.cz\/wp-content\/uploads\/2016\/11\/Rayzist-Logo-Color-2015.jpg"},{"@type":"BreadcrumbList","@id":"https:\/\/kotaraoriginal.cz\/en\/production-of-sandblasting-stencils\/#breadcrumb","itemListElement":[{"@type":"ListItem","position":1,"name":"Dom\u016f","item":"https:\/\/kotaraoriginal.cz\/en\/"},{"@type":"ListItem","position":2,"name":"Production of sandblasting masks"}]},{"@type":"WebSite","@id":"https:\/\/kotaraoriginal.cz\/en\/#website","url":"https:\/\/kotaraoriginal.cz\/en\/","name":"Ko\u0165ara","description":"RAYZIST Photomask films, masksmaking, sandblasted logos on glass gifts","publisher":{"@id":"https:\/\/kotaraoriginal.cz\/en\/#organization"},"alternateName":"UV-fotocitliv\u00e9 p\u00edskovac\u00ed f\u00f3lie RAYZIST Photomask","potentialAction":[{"@type":"SearchAction","target":{"@type":"EntryPoint","urlTemplate":"https:\/\/kotaraoriginal.cz\/en\/?s={search_term_string}"},"query-input":{"@type":"PropertyValueSpecification","valueRequired":true,"valueName":"search_term_string"}}],"inLanguage":"en-US"},{"@type":"Organization","@id":"https:\/\/kotaraoriginal.cz\/en\/#organization","name":"Kotara s.r.o. - UV-p\u00edskovac\u00ed foto-f\u00f3lie RAYZIST Photomask","alternateName":"Kotara s.r.o.","url":"https:\/\/kotaraoriginal.cz\/en\/","logo":{"@type":"ImageObject","inLanguage":"en-US","@id":"https:\/\/kotaraoriginal.cz\/en\/#\/schema\/logo\/image\/","url":"","contentUrl":"","caption":"Kotara s.r.o. - UV-p\u00edskovac\u00ed foto-f\u00f3lie RAYZIST Photomask"},"image":{"@id":"https:\/\/kotaraoriginal.cz\/en\/#\/schema\/logo\/image\/"},"sameAs":["https:\/\/www.facebook.com\/kotaraoriginal.cz\/","https:\/\/www.instagram.com\/kotaraoriginal\/","https:\/\/www.linkedin.com\/company\/kotara-s.r.o.","https:\/\/cz.pinterest.com\/kotaraoriginal\/"]}]}},"_links":{"self":[{"href":"https:\/\/kotaraoriginal.cz\/en\/wp-json\/wp\/v2\/pages\/6817","targetHints":{"allow":["GET"]}}],"collection":[{"href":"https:\/\/kotaraoriginal.cz\/en\/wp-json\/wp\/v2\/pages"}],"about":[{"href":"https:\/\/kotaraoriginal.cz\/en\/wp-json\/wp\/v2\/types\/page"}],"author":[{"embeddable":true,"href":"https:\/\/kotaraoriginal.cz\/en\/wp-json\/wp\/v2\/users\/2"}],"replies":[{"embeddable":true,"href":"https:\/\/kotaraoriginal.cz\/en\/wp-json\/wp\/v2\/comments?post=6817"}],"version-history":[{"count":0,"href":"https:\/\/kotaraoriginal.cz\/en\/wp-json\/wp\/v2\/pages\/6817\/revisions"}],"wp:attachment":[{"href":"https:\/\/kotaraoriginal.cz\/en\/wp-json\/wp\/v2\/media?parent=6817"}],"curies":[{"name":"wp","href":"https:\/\/api.w.org\/{rel}","templated":true}]}}