{"id":6766,"date":"2016-09-14T11:21:01","date_gmt":"2016-09-14T09:21:01","guid":{"rendered":"https:\/\/kotaraoriginal.cz\/bohemia-crystal-glass-consulting\/"},"modified":"2023-08-02T12:45:45","modified_gmt":"2023-08-02T10:45:45","slug":"bohemia-crystal-glass-consulting","status":"publish","type":"page","link":"https:\/\/kotaraoriginal.cz\/en\/bohemia-crystal-glass-consulting\/","title":{"rendered":"Bohemia crystal &#038; glass consulting"},"content":{"rendered":"<div class=\"wpb-content-wrapper\"><p>[vc_row][vc_column][vc_column_text]<\/p>\n<h2 style=\"text-align: center;\"><span style=\"color: #000000;\"><strong>Do you look for suitable Czech manufacture and supplier of Bohemia crystal or glass?<\/strong><\/span><\/h2>\n<hr \/>\n<p>You are on the right place. Do not hesitate send us\u00a0message\u00a0with your request and we\u00a0will help you to find the best factory for your project or business.<\/p>\n<p>&nbsp;<\/p>\n<h4><strong>In our\u00a0portfolio are:<\/strong><\/h4>\n<ul>\n<li><span style=\"color: #000000;\"><strong>2 factories for lead crystal<\/strong><\/span><\/li>\n<li><span style=\"color: #000000;\"><strong>1 for lead free crystal<\/strong><\/span><\/li>\n<li><span style=\"color: #000000;\"><strong>4 small art glass studios<\/strong><\/span><\/li>\n<li><span style=\"color: #000000;\"><strong>1 for glass lighting<\/strong><\/span><\/li>\n<li><span style=\"color: #000000;\"><strong>1 workshop for luxury glass jewels<\/strong><\/span><\/li>\n<li><span style=\"color: #000000;\"><strong>1 processing borosilicate glass<\/strong><\/span><\/li>\n<\/ul>\n<p>&nbsp;<\/p>\n<h4><strong>More about\u00a0service:<\/strong><\/h4>\n<p>We\u00a0acquired many experience and mainly friendly contacts in different kind of glass branches and factories. We\u00a0have established close cooperation with big Czech glass factories and on the other way also with small studio workshops which can be difficult to find, communicate and begin fruitful cooperation. We are\u00a0able to offer you competitive prices as you be a big business player or long term business partner. Find suitable manufacturer for your projects or provide you summary bulk offer from different suppliers. If you place orders in a few companies we\u00a0can arrange one bulk consignment and save your money and time. In my portfolio are 6 factories for lead crystal, one for lead free crystal, 4 small art glass studios, 1 factory for glass lighting and 1 workshop for luxury glass jewels. Feel free contact me with any question.<\/p>\n<p>&nbsp;<\/p>\n<p><p class=\"wpcf7-contact-form-not-found\"><strong>Error:<\/strong> Contact form not found.<\/p>[\/vc_column_text][\/vc_column][\/vc_row][vc_row][vc_column][vc_empty_space][\/vc_column][\/vc_row]<\/p>\n<\/div>","protected":false},"excerpt":{"rendered":"<p>[vc_row][vc_column][vc_column_text] Do you look for suitable Czech manufacture and supplier of Bohemia crystal or glass? You are on the right place. Do not hesitate send us\u00a0message\u00a0with your request and we\u00a0will help you to find the best factory for your project or business. &nbsp; In our\u00a0portfolio [&hellip;]<\/p>\n","protected":false},"author":2,"featured_media":0,"parent":0,"menu_order":0,"comment_status":"closed","ping_status":"closed","template":"","meta":{"footnotes":""},"class_list":["post-6766","page","type-page","status-publish","hentry"],"yoast_head":"<!-- This site is optimized with the Yoast SEO plugin v27.6 - https:\/\/yoast.com\/product\/yoast-seo-wordpress\/ -->\n<title>Bohemia crystal &amp; glass consulting &#8211; Kotara Original<\/title>\n<meta name=\"robots\" content=\"index, follow, max-snippet:-1, max-image-preview:large, max-video-preview:-1\" \/>\n<link rel=\"canonical\" href=\"https:\/\/kotaraoriginal.cz\/en\/bohemia-crystal-glass-consulting\/\" \/>\n<meta property=\"og:locale\" content=\"en_US\" \/>\n<meta property=\"og:type\" content=\"article\" \/>\n<meta property=\"og:title\" content=\"Bohemia crystal &amp; glass consulting &#8211; Kotara Original\" \/>\n<meta property=\"og:description\" content=\"[vc_row][vc_column][vc_column_text] Do you look for suitable Czech manufacture and supplier of Bohemia crystal or glass? You are on the right place. Do not hesitate send us\u00a0message\u00a0with your request and we\u00a0will help you to find the best factory for your project or business. &nbsp; In our\u00a0portfolio [&hellip;]\" \/>\n<meta property=\"og:url\" content=\"https:\/\/kotaraoriginal.cz\/en\/bohemia-crystal-glass-consulting\/\" \/>\n<meta property=\"og:site_name\" content=\"Kotara Original\" \/>\n<meta property=\"article:publisher\" content=\"https:\/\/www.facebook.com\/kotaraoriginal.cz\/\" \/>\n<meta property=\"article:modified_time\" content=\"2023-08-02T10:45:45+00:00\" \/>\n<meta name=\"twitter:card\" content=\"summary_large_image\" \/>\n<meta name=\"twitter:label1\" content=\"Est. reading time\" \/>\n\t<meta name=\"twitter:data1\" content=\"2 minutes\" \/>\n<script type=\"application\/ld+json\" class=\"yoast-schema-graph\">{\"@context\":\"https:\\\/\\\/schema.org\",\"@graph\":[{\"@type\":\"WebPage\",\"@id\":\"https:\\\/\\\/kotaraoriginal.cz\\\/en\\\/bohemia-crystal-glass-consulting\\\/\",\"url\":\"https:\\\/\\\/kotaraoriginal.cz\\\/en\\\/bohemia-crystal-glass-consulting\\\/\",\"name\":\"Bohemia crystal & glass consulting &#8211; Kotara Original\",\"isPartOf\":{\"@id\":\"https:\\\/\\\/kotaraoriginal.cz\\\/en\\\/#website\"},\"datePublished\":\"2016-09-14T09:21:01+00:00\",\"dateModified\":\"2023-08-02T10:45:45+00:00\",\"breadcrumb\":{\"@id\":\"https:\\\/\\\/kotaraoriginal.cz\\\/en\\\/bohemia-crystal-glass-consulting\\\/#breadcrumb\"},\"inLanguage\":\"en-US\",\"potentialAction\":[{\"@type\":\"ReadAction\",\"target\":[\"https:\\\/\\\/kotaraoriginal.cz\\\/en\\\/bohemia-crystal-glass-consulting\\\/\"]}]},{\"@type\":\"BreadcrumbList\",\"@id\":\"https:\\\/\\\/kotaraoriginal.cz\\\/en\\\/bohemia-crystal-glass-consulting\\\/#breadcrumb\",\"itemListElement\":[{\"@type\":\"ListItem\",\"position\":1,\"name\":\"Dom\u016f\",\"item\":\"https:\\\/\\\/kotaraoriginal.cz\\\/en\\\/\"},{\"@type\":\"ListItem\",\"position\":2,\"name\":\"Bohemia crystal &#038; glass consulting\"}]},{\"@type\":\"WebSite\",\"@id\":\"https:\\\/\\\/kotaraoriginal.cz\\\/en\\\/#website\",\"url\":\"https:\\\/\\\/kotaraoriginal.cz\\\/en\\\/\",\"name\":\"Ko\u0165ara\",\"description\":\"RAYZIST Photomask films, masksmaking, sandblasted logos on glass gifts\",\"publisher\":{\"@id\":\"https:\\\/\\\/kotaraoriginal.cz\\\/en\\\/#organization\"},\"alternateName\":\"UV-fotocitliv\u00e9 p\u00edskovac\u00ed f\u00f3lie RAYZIST Photomask\",\"potentialAction\":[{\"@type\":\"SearchAction\",\"target\":{\"@type\":\"EntryPoint\",\"urlTemplate\":\"https:\\\/\\\/kotaraoriginal.cz\\\/en\\\/?s={search_term_string}\"},\"query-input\":{\"@type\":\"PropertyValueSpecification\",\"valueRequired\":true,\"valueName\":\"search_term_string\"}}],\"inLanguage\":\"en-US\"},{\"@type\":\"Organization\",\"@id\":\"https:\\\/\\\/kotaraoriginal.cz\\\/en\\\/#organization\",\"name\":\"Kotara s.r.o. - UV-p\u00edskovac\u00ed foto-f\u00f3lie RAYZIST Photomask\",\"alternateName\":\"Kotara s.r.o.\",\"url\":\"https:\\\/\\\/kotaraoriginal.cz\\\/en\\\/\",\"logo\":{\"@type\":\"ImageObject\",\"inLanguage\":\"en-US\",\"@id\":\"https:\\\/\\\/kotaraoriginal.cz\\\/en\\\/#\\\/schema\\\/logo\\\/image\\\/\",\"url\":\"\",\"contentUrl\":\"\",\"caption\":\"Kotara s.r.o. - UV-p\u00edskovac\u00ed foto-f\u00f3lie RAYZIST Photomask\"},\"image\":{\"@id\":\"https:\\\/\\\/kotaraoriginal.cz\\\/en\\\/#\\\/schema\\\/logo\\\/image\\\/\"},\"sameAs\":[\"https:\\\/\\\/www.facebook.com\\\/kotaraoriginal.cz\\\/\",\"https:\\\/\\\/www.instagram.com\\\/kotaraoriginal\\\/\",\"https:\\\/\\\/www.linkedin.com\\\/company\\\/kotara-s.r.o.\",\"https:\\\/\\\/cz.pinterest.com\\\/kotaraoriginal\\\/\"]}]}<\/script>\n<!-- \/ Yoast SEO plugin. -->","yoast_head_json":{"title":"Bohemia crystal & glass consulting &#8211; Kotara Original","robots":{"index":"index","follow":"follow","max-snippet":"max-snippet:-1","max-image-preview":"max-image-preview:large","max-video-preview":"max-video-preview:-1"},"canonical":"https:\/\/kotaraoriginal.cz\/en\/bohemia-crystal-glass-consulting\/","og_locale":"en_US","og_type":"article","og_title":"Bohemia crystal & glass consulting &#8211; Kotara Original","og_description":"[vc_row][vc_column][vc_column_text] Do you look for suitable Czech manufacture and supplier of Bohemia crystal or glass? You are on the right place. Do not hesitate send us\u00a0message\u00a0with your request and we\u00a0will help you to find the best factory for your project or business. &nbsp; In our\u00a0portfolio [&hellip;]","og_url":"https:\/\/kotaraoriginal.cz\/en\/bohemia-crystal-glass-consulting\/","og_site_name":"Kotara Original","article_publisher":"https:\/\/www.facebook.com\/kotaraoriginal.cz\/","article_modified_time":"2023-08-02T10:45:45+00:00","twitter_card":"summary_large_image","twitter_misc":{"Est. reading time":"2 minutes"},"schema":{"@context":"https:\/\/schema.org","@graph":[{"@type":"WebPage","@id":"https:\/\/kotaraoriginal.cz\/en\/bohemia-crystal-glass-consulting\/","url":"https:\/\/kotaraoriginal.cz\/en\/bohemia-crystal-glass-consulting\/","name":"Bohemia crystal & glass consulting &#8211; Kotara Original","isPartOf":{"@id":"https:\/\/kotaraoriginal.cz\/en\/#website"},"datePublished":"2016-09-14T09:21:01+00:00","dateModified":"2023-08-02T10:45:45+00:00","breadcrumb":{"@id":"https:\/\/kotaraoriginal.cz\/en\/bohemia-crystal-glass-consulting\/#breadcrumb"},"inLanguage":"en-US","potentialAction":[{"@type":"ReadAction","target":["https:\/\/kotaraoriginal.cz\/en\/bohemia-crystal-glass-consulting\/"]}]},{"@type":"BreadcrumbList","@id":"https:\/\/kotaraoriginal.cz\/en\/bohemia-crystal-glass-consulting\/#breadcrumb","itemListElement":[{"@type":"ListItem","position":1,"name":"Dom\u016f","item":"https:\/\/kotaraoriginal.cz\/en\/"},{"@type":"ListItem","position":2,"name":"Bohemia crystal &#038; glass consulting"}]},{"@type":"WebSite","@id":"https:\/\/kotaraoriginal.cz\/en\/#website","url":"https:\/\/kotaraoriginal.cz\/en\/","name":"Ko\u0165ara","description":"RAYZIST Photomask films, masksmaking, sandblasted logos on glass gifts","publisher":{"@id":"https:\/\/kotaraoriginal.cz\/en\/#organization"},"alternateName":"UV-fotocitliv\u00e9 p\u00edskovac\u00ed f\u00f3lie RAYZIST Photomask","potentialAction":[{"@type":"SearchAction","target":{"@type":"EntryPoint","urlTemplate":"https:\/\/kotaraoriginal.cz\/en\/?s={search_term_string}"},"query-input":{"@type":"PropertyValueSpecification","valueRequired":true,"valueName":"search_term_string"}}],"inLanguage":"en-US"},{"@type":"Organization","@id":"https:\/\/kotaraoriginal.cz\/en\/#organization","name":"Kotara s.r.o. - UV-p\u00edskovac\u00ed foto-f\u00f3lie RAYZIST Photomask","alternateName":"Kotara s.r.o.","url":"https:\/\/kotaraoriginal.cz\/en\/","logo":{"@type":"ImageObject","inLanguage":"en-US","@id":"https:\/\/kotaraoriginal.cz\/en\/#\/schema\/logo\/image\/","url":"","contentUrl":"","caption":"Kotara s.r.o. - UV-p\u00edskovac\u00ed foto-f\u00f3lie RAYZIST Photomask"},"image":{"@id":"https:\/\/kotaraoriginal.cz\/en\/#\/schema\/logo\/image\/"},"sameAs":["https:\/\/www.facebook.com\/kotaraoriginal.cz\/","https:\/\/www.instagram.com\/kotaraoriginal\/","https:\/\/www.linkedin.com\/company\/kotara-s.r.o.","https:\/\/cz.pinterest.com\/kotaraoriginal\/"]}]}},"_links":{"self":[{"href":"https:\/\/kotaraoriginal.cz\/en\/wp-json\/wp\/v2\/pages\/6766","targetHints":{"allow":["GET"]}}],"collection":[{"href":"https:\/\/kotaraoriginal.cz\/en\/wp-json\/wp\/v2\/pages"}],"about":[{"href":"https:\/\/kotaraoriginal.cz\/en\/wp-json\/wp\/v2\/types\/page"}],"author":[{"embeddable":true,"href":"https:\/\/kotaraoriginal.cz\/en\/wp-json\/wp\/v2\/users\/2"}],"replies":[{"embeddable":true,"href":"https:\/\/kotaraoriginal.cz\/en\/wp-json\/wp\/v2\/comments?post=6766"}],"version-history":[{"count":0,"href":"https:\/\/kotaraoriginal.cz\/en\/wp-json\/wp\/v2\/pages\/6766\/revisions"}],"wp:attachment":[{"href":"https:\/\/kotaraoriginal.cz\/en\/wp-json\/wp\/v2\/media?parent=6766"}],"curies":[{"name":"wp","href":"https:\/\/api.w.org\/{rel}","templated":true}]}}