{"id":6751,"date":"2016-02-18T12:46:11","date_gmt":"2016-02-18T11:46:11","guid":{"rendered":"https:\/\/kotaraoriginal.cz\/paperweights\/"},"modified":"2016-02-18T12:46:11","modified_gmt":"2016-02-18T11:46:11","slug":"paperweights","status":"publish","type":"page","link":"https:\/\/kotaraoriginal.cz\/en\/paperweights\/","title":{"rendered":"Paperweights"},"content":{"rendered":"<div class=\"wpb-content-wrapper\"><p>[vc_row content_width=&#8221;grid&#8221; css=&#8221;.vc_custom_1456934246479{padding-top: 55px !important;padding-bottom: 46px !important;}&#8221;][vc_column]<div class=\"edgtf-st\">\n\t<div class=\"edgtf-st-inner\">\n        <div class=\"edgtf-st-title-holder\">\n            <h2 class=\"edgtf-st-title\" style=\"text-align: center\">\n                <span><\/span>\n            <\/h2>\n        <\/div>\n        \t\t<div class=\"edgtf-st-text-holder\" style=\"text-align: center\">\n            <span class=\"edgtf-st-text-text\"><\/p>\n<h1 style=\"text-align: center;\">Paperweights with photos of your choice<\/h1>\n<p style=\"text-align: center;\"><span style=\"color: #ff0000;\">The production of paperweights was terminated. Thank you for your understanding<\/span><\/p>\n<hr \/>\n<p style=\"text-align: center;\">Glass paperweights have been created in the Czech Republic for more than 150 years. Today, the charm of handicraft competes with the precision of modern technology. We have decided to go with tradition. Only a real photo sealed in a piece of noble crystal glass can truly preserve a memory and the associated emotions.<\/p>\n<p style=\"text-align: center;\">A luxury KO\u0164ARA Original glass paperweight with your own photograph will become a token that will be inherited from generation to generation. As a reminder of old times, old loves and friendships, and the masterly art of old glassmakers.<\/p>\n<p><\/span>\n\t\t<\/div>\n\t<\/div>\n<\/div>[\/vc_column][\/vc_row][vc_row content_width=&#8221;grid&#8221; css=&#8221;.vc_custom_1457533139523{padding-bottom: 40px !important;}&#8221;][vc_column][vc_row_inner css=&#8221;.vc_custom_1456934156238{margin-right: -29px !important;margin-left: -29px !important;}&#8221;][vc_column_inner css=&#8221;.vc_custom_1456934050696{padding-right: 29px !important;padding-left: 29px !important;}&#8221; offset=&#8221;vc_col-md-4&#8243;]<div class=\"edgtf-imwt-holder\">\n    <div class=\"edgtf-imwt-image\">\n                    <a href=\"https:\/\/kotaraoriginal.cz\/wp-content\/uploads\/2016\/09\/P8261488-1.jpg\" data-rel=\"prettyPhoto[single_pretty_photo]\" title=\"V\u00fdroba pam\u00e1te\u010dn\u00edho t\u011b\u017e\u00edtka s fotkou\">\n                                    <img loading=\"lazy\" decoding=\"async\" width=\"1920\" height=\"1439\" src=\"https:\/\/kotaraoriginal.cz\/wp-content\/uploads\/2016\/09\/P8261488-1.jpg\" class=\"attachment-full size-full\" alt=\"V\u00fdroba pam\u00e1te\u010dn\u00edho t\u011b\u017e\u00edtka s fotkou\" srcset=\"https:\/\/kotaraoriginal.cz\/wp-content\/uploads\/2016\/09\/P8261488-1.jpg 1920w, https:\/\/kotaraoriginal.cz\/wp-content\/uploads\/2016\/09\/P8261488-1-600x450.jpg 600w, https:\/\/kotaraoriginal.cz\/wp-content\/uploads\/2016\/09\/P8261488-1-300x225.jpg 300w, https:\/\/kotaraoriginal.cz\/wp-content\/uploads\/2016\/09\/P8261488-1-768x576.jpg 768w, https:\/\/kotaraoriginal.cz\/wp-content\/uploads\/2016\/09\/P8261488-1-1024x767.jpg 1024w, https:\/\/kotaraoriginal.cz\/wp-content\/uploads\/2016\/09\/P8261488-1-800x600.jpg 800w, https:\/\/kotaraoriginal.cz\/wp-content\/uploads\/2016\/09\/P8261488-1-1600x1200.jpg 1600w, https:\/\/kotaraoriginal.cz\/wp-content\/uploads\/2016\/09\/P8261488-1-1100x824.jpg 1100w, https:\/\/kotaraoriginal.cz\/wp-content\/uploads\/2016\/09\/P8261488-1-76x58.jpg 76w\" sizes=\"auto, (max-width: 1920px) 100vw, 1920px\" \/>                                <\/a>\n            <\/div>\n    <div class=\"edgtf-imwt-text\">\n        <div class=\"edgtf-imwt-title-holder\">\n        \n        <h2 class=\"edgtf-imwt-title\">Paperweight for preserving your memories<\/h2>\n        <\/div>\n\n        \n            <\/div>\n<\/div>[vc_column_text]Even the most beautiful memories fade over time. We offer you the option to preserve your memories beautiful for a lifetime \u2013 thanks to a photo sealed in a piece of clear crystal glass.[\/vc_column_text][\/vc_column_inner][vc_column_inner css=&#8221;.vc_custom_1456934057167{padding-right: 29px !important;padding-left: 29px !important;}&#8221; offset=&#8221;vc_col-md-4&#8243;]<div class=\"edgtf-imwt-holder\">\n    <div class=\"edgtf-imwt-image\">\n                    <a href=\"https:\/\/kotaraoriginal.cz\/wp-content\/uploads\/2016\/09\/P8261489.jpg\" data-rel=\"prettyPhoto[single_pretty_photo]\" title=\"V\u00fdroba t\u011b\u017e\u00edtka s fotkou\">\n                                    <img loading=\"lazy\" decoding=\"async\" width=\"1920\" height=\"1440\" src=\"https:\/\/kotaraoriginal.cz\/wp-content\/uploads\/2016\/09\/P8261489.jpg\" class=\"attachment-full size-full\" alt=\"V\u00fdroba t\u011b\u017e\u00edtka s fotkou.\" srcset=\"https:\/\/kotaraoriginal.cz\/wp-content\/uploads\/2016\/09\/P8261489.jpg 1920w, https:\/\/kotaraoriginal.cz\/wp-content\/uploads\/2016\/09\/P8261489-600x450.jpg 600w, https:\/\/kotaraoriginal.cz\/wp-content\/uploads\/2016\/09\/P8261489-300x225.jpg 300w, https:\/\/kotaraoriginal.cz\/wp-content\/uploads\/2016\/09\/P8261489-768x576.jpg 768w, https:\/\/kotaraoriginal.cz\/wp-content\/uploads\/2016\/09\/P8261489-1024x768.jpg 1024w, https:\/\/kotaraoriginal.cz\/wp-content\/uploads\/2016\/09\/P8261489-800x600.jpg 800w, https:\/\/kotaraoriginal.cz\/wp-content\/uploads\/2016\/09\/P8261489-1600x1200.jpg 1600w, https:\/\/kotaraoriginal.cz\/wp-content\/uploads\/2016\/09\/P8261489-1100x825.jpg 1100w, https:\/\/kotaraoriginal.cz\/wp-content\/uploads\/2016\/09\/P8261489-76x58.jpg 76w\" sizes=\"auto, (max-width: 1920px) 100vw, 1920px\" \/>                                <\/a>\n            <\/div>\n    <div class=\"edgtf-imwt-text\">\n        <div class=\"edgtf-imwt-title-holder\">\n        \n        <h2 class=\"edgtf-imwt-title\">Original piece from Czech glass<\/h2>\n        <\/div>\n\n        \n            <\/div>\n<\/div>[vc_column_text]Paperweights from our workshop are handmade from one piece of Bohemian crystal. They are UV stable, have a diameter of 95 mm, and you will receive your paperweight in a gift box. An original piece just for you![\/vc_column_text][\/vc_column_inner][vc_column_inner css=&#8221;.vc_custom_1456934064547{padding-right: 29px !important;padding-left: 29px !important;}&#8221; offset=&#8221;vc_col-md-4&#8243;]<div class=\"edgtf-imwt-holder\">\n    <div class=\"edgtf-imwt-image\">\n                    <a href=\"https:\/\/kotaraoriginal.cz\/wp-content\/uploads\/2016\/09\/P8261471.jpg\" data-rel=\"prettyPhoto[single_pretty_photo]\" title=\"V\u00fdroba t\u011b\u017e\u00edtek s fotkou\">\n                                    <img loading=\"lazy\" decoding=\"async\" width=\"1680\" height=\"1260\" src=\"https:\/\/kotaraoriginal.cz\/wp-content\/uploads\/2016\/09\/P8261471.jpg\" class=\"attachment-full size-full\" alt=\"V\u00fdroba t\u011b\u017e\u00edtek s fotkou\" srcset=\"https:\/\/kotaraoriginal.cz\/wp-content\/uploads\/2016\/09\/P8261471.jpg 1680w, https:\/\/kotaraoriginal.cz\/wp-content\/uploads\/2016\/09\/P8261471-600x450.jpg 600w, https:\/\/kotaraoriginal.cz\/wp-content\/uploads\/2016\/09\/P8261471-300x225.jpg 300w, https:\/\/kotaraoriginal.cz\/wp-content\/uploads\/2016\/09\/P8261471-768x576.jpg 768w, https:\/\/kotaraoriginal.cz\/wp-content\/uploads\/2016\/09\/P8261471-1024x768.jpg 1024w, https:\/\/kotaraoriginal.cz\/wp-content\/uploads\/2016\/09\/P8261471-800x600.jpg 800w, https:\/\/kotaraoriginal.cz\/wp-content\/uploads\/2016\/09\/P8261471-1600x1200.jpg 1600w, https:\/\/kotaraoriginal.cz\/wp-content\/uploads\/2016\/09\/P8261471-1100x825.jpg 1100w, https:\/\/kotaraoriginal.cz\/wp-content\/uploads\/2016\/09\/P8261471-76x58.jpg 76w\" sizes=\"auto, (max-width: 1680px) 100vw, 1680px\" \/>                                <\/a>\n            <\/div>\n    <div class=\"edgtf-imwt-text\">\n        <div class=\"edgtf-imwt-title-holder\">\n        \n        <h2 class=\"edgtf-imwt-title\">Secrets of old glassmakers<\/h2>\n        <\/div>\n\n        \n            <\/div>\n<\/div>[vc_column_text]The exact procedure of the making of historical photo paperweights remains our secret. It took us several years to find our own way. The art of old glassmakers has been revived.[\/vc_column_text][\/vc_column_inner][\/vc_row_inner][vc_empty_space height=&#8221;62px&#8221;]<div class=\"edgtf-st\">\n\t<div class=\"edgtf-st-inner\">\n        <div class=\"edgtf-st-title-holder\">\n            <h2 class=\"edgtf-st-title\" style=\"text-align: center\">\n                <span>What memories can a photo paperweight preserve?<\/span>\n            <\/h2>\n        <\/div>\n        <div class=\"edgtf-separator-holder clearfix  edgtf-separator-center\">\n\t<div class=\"edgtf-separator\" style=\"border-color: #d8d8d8;width: 80%;border-bottom-width: 1px\"><\/div>\n<\/div>\n\t\t<div class=\"edgtf-st-text-holder\" style=\"text-align: center\">\n            <span class=\"edgtf-st-text-text\">Crystal glass adds depth to photos and your memory will become brighter. Preserve your memories forever:<\/p>\n<ul>\n<li style=\"text-align: center;\">Birth of a child or grandchild<\/li>\n<li style=\"text-align: center;\">Wedding or wedding anniversary<\/li>\n<li style=\"text-align: center;\">Deceased loved ones, parents or grandparents<\/li>\n<li style=\"text-align: center;\">Old friends and classmates<\/li>\n<li style=\"text-align: center;\">Animal friends<\/li>\n<li style=\"text-align: center;\">Artistic and sports idols<\/li>\n<li style=\"text-align: center;\">Birthplace or a favourite place<\/li>\n<li style=\"text-align: center;\">Travel memories<\/li>\n<li style=\"text-align: center;\">Birthdays and anniversaries<\/li>\n<li style=\"text-align: center;\">Graduation<\/li>\n<li style=\"text-align: center;\">Sporting achievements and victories<\/li>\n<li style=\"text-align: center;\">Original gift for Valentine&#8217;s Day<\/li>\n<\/ul>\n<p>&nbsp;<\/p>\n<p style=\"text-align: center;\">An original paperweight made of crystal glass with photo of your choice will also serve as a <strong>luxury corporate gift<\/strong> and <strong>promotional item<\/strong> for your company, hotel, or restaurant.<\/p>\n<p>&nbsp;<\/p>\n<p style=\"text-align: center;\"><span style=\"color: #000000;\"><strong>Each KO\u0164ARA Original paperweight is packaged in a gift box.<\/strong><\/span><\/p>\n<p><\/span>\n\t\t<\/div>\n\t<\/div>\n<\/div>[\/vc_column][\/vc_row][vc_row][vc_column width=&#8221;1\/6&#8243;][\/vc_column][vc_column width=&#8221;2\/3&#8243;][vc_gallery type=&#8221;image_grid&#8221; images=&#8221;4343,4342,4338&#8243; img_size=&#8221;200&#215;270&#8243;][\/vc_column][vc_column width=&#8221;1\/6&#8243;][\/vc_column][\/vc_row][vc_row content_aligment=&#8221;center&#8221;][vc_column offset=&#8221;vc_hidden-lg vc_hidden-md vc_hidden-sm vc_hidden-xs&#8221;][vc_empty_space]<a href=\"https:\/\/kotaraoriginal.cz\/cena\/\" target=\"_self\"  class=\"edgtf-btn edgtf-btn-medium edgtf-btn-solid\"  >\n   \t        \t<span class=\"edgtf-btn-text\">Send price<\/span>\n        <\/a>[vc_empty_space][\/vc_column][\/vc_row][vc_row content_width=&#8221;grid&#8221; css=&#8221;.vc_custom_1456934246479{padding-top: 55px !important;padding-bottom: 46px !important;}&#8221;][vc_column offset=&#8221;vc_hidden-lg vc_hidden-md vc_hidden-sm vc_hidden-xs&#8221;]<div class=\"edgtf-st\">\n\t<div class=\"edgtf-st-inner\">\n        <div class=\"edgtf-st-title-holder\">\n            <h2 class=\"edgtf-st-title\" style=\"text-align: center\">\n                <span>Frequently asked questions and answers<\/span>\n            <\/h2>\n        <\/div>\n        <div class=\"edgtf-separator-holder clearfix  edgtf-separator-center\">\n\t<div class=\"edgtf-separator\" style=\"border-color: #d8d8d8;width: 80%;border-bottom-width: 1px\"><\/div>\n<\/div>\n\t\t<div class=\"edgtf-st-text-holder\" style=\"text-align: center\">\n            <span class=\"edgtf-st-text-text\"><\/p>\n<h3 style=\"text-align: left;\"><strong>How can I order a paperweight with a photo of my choice?<\/strong><\/h3>\n<ol style=\"text-align: left;\">\n<li>Upload your photo using the order form and fill in the required information. You can also send us a brief description and date that you would like to add to the photo.<\/li>\n<li>After we check the photo, we will send you a confirmation that we will create your paperweight, and you will confirm your binding order by sending us a deposit of 50% of the product price.<\/li>\n<li>When the paperweight is ready, we will send you a picture of it and ask you to pay the remaining amount. Thereupon, we will send you the product in a gift box. The transport cost will be calculated individually according to destination\u00a0of delivery.<\/li>\n<\/ol>\n<h3 style=\"text-align: left;\"><strong>What photos are better for a paperweight \u2013 black-and-white or colour?<\/strong><\/h3>\n<p style=\"text-align: left;\">Both black-and-white and colour photographs are a good choice for a paperweight. Colour photos can be converted to black-and-white.<\/p>\n<h3 style=\"text-align: left;\"><strong>Will the colours in the photo be the same as on my monitor?<\/strong><\/h3>\n<p style=\"text-align: left;\">The process of casting a photo in glass takes place at a high temperature of 1,150\u00b0C, during which the colour of the photo can slightly change (although not necessarily). Therefore, please do not expect that the photo in your paperweight will be of the absolutely same colour and quality as on your monitor. Complaints of this nature will not be considered.<\/p>\n<h3 style=\"text-align: left;\"><strong>Can I also send you a printed photo?<\/strong><\/h3>\n<p style=\"text-align: left;\">We use digital photos to craft paperweights. Please do not send us classic printed photographs. If you have only a commemorative printed photograph, please get a good scan or photocopy of it.<\/p>\n<h3 style=\"text-align: left;\"><strong>How long does it take to create a custom paperweight?<\/strong><\/h3>\n<p style=\"text-align: left;\">The manufacturing\u00a0of custom paperweights in our glasswork must be planned. we create paperweights once a month. If you plan to give a paperweight as a gift, please place your order well in advance. We will inform you of the expected date of delivery.<\/p>\n<h3 style=\"text-align: left;\"><strong>I need a gift as soon as possible. What should I do?<\/strong><\/h3>\n<p style=\"text-align: left;\">We will send you a gift voucher and create a paperweight for you additionally.<\/p>\n<p><\/span>\n\t\t<\/div>\n\t<\/div>\n<\/div>[\/vc_column][\/vc_row][vc_row content_aligment=&#8221;center&#8221; css=&#8221;.vc_custom_1460273543693{margin-right: 20% !important;margin-left: 20% !important;}&#8221;][vc_column offset=&#8221;vc_hidden-lg vc_hidden-md vc_hidden-sm vc_hidden-xs&#8221;][vc_empty_space]<a href=\"https:\/\/kotaraoriginal.cz\/cena\/\" target=\"_self\"  class=\"edgtf-btn edgtf-btn-medium edgtf-btn-solid\"  >\n   \t        \t<span class=\"edgtf-btn-text\">Send price<\/span>\n        <\/a>[vc_empty_space][\/vc_column][\/vc_row]<\/p>\n<\/div>","protected":false},"excerpt":{"rendered":"<p>[vc_row content_width=&#8221;grid&#8221; css=&#8221;.vc_custom_1456934246479{padding-top: 55px !important;padding-bottom: 46px !important;}&#8221;][vc_column][\/vc_column][\/vc_row][vc_row content_width=&#8221;grid&#8221; css=&#8221;.vc_custom_1457533139523{padding-bottom: 40px !important;}&#8221;][vc_column][vc_row_inner css=&#8221;.vc_custom_1456934156238{margin-right: -29px !important;margin-left: -29px !important;}&#8221;][vc_column_inner css=&#8221;.vc_custom_1456934050696{padding-right: 29px !important;padding-left: 29px !important;}&#8221; offset=&#8221;vc_col-md-4&#8243;][vc_column_text]Even the most beautiful memories fade over time. We offer you the option to preserve your memories beautiful for a lifetime \u2013 thanks to [&hellip;]<\/p>\n","protected":false},"author":2,"featured_media":0,"parent":0,"menu_order":0,"comment_status":"closed","ping_status":"closed","template":"","meta":{"footnotes":""},"class_list":["post-6751","page","type-page","status-publish","hentry"],"yoast_head":"<!-- This site is optimized with the Yoast SEO plugin v27.6 - https:\/\/yoast.com\/product\/yoast-seo-wordpress\/ -->\n<title>Paperweights &#8211; Kotara Original<\/title>\n<meta name=\"robots\" content=\"index, follow, max-snippet:-1, max-image-preview:large, max-video-preview:-1\" \/>\n<link rel=\"canonical\" href=\"https:\/\/kotaraoriginal.cz\/en\/paperweights\/\" \/>\n<meta property=\"og:locale\" content=\"en_US\" \/>\n<meta property=\"og:type\" content=\"article\" \/>\n<meta property=\"og:title\" content=\"Paperweights &#8211; Kotara Original\" \/>\n<meta property=\"og:description\" content=\"[vc_row content_width=&#8221;grid&#8221; css=&#8221;.vc_custom_1456934246479{padding-top: 55px !important;padding-bottom: 46px !important;}&#8221;][vc_column][\/vc_column][\/vc_row][vc_row content_width=&#8221;grid&#8221; css=&#8221;.vc_custom_1457533139523{padding-bottom: 40px !important;}&#8221;][vc_column][vc_row_inner css=&#8221;.vc_custom_1456934156238{margin-right: -29px !important;margin-left: -29px !important;}&#8221;][vc_column_inner css=&#8221;.vc_custom_1456934050696{padding-right: 29px !important;padding-left: 29px !important;}&#8221; offset=&#8221;vc_col-md-4&#8243;][vc_column_text]Even the most beautiful memories fade over time. We offer you the option to preserve your memories beautiful for a lifetime \u2013 thanks to [&hellip;]\" \/>\n<meta property=\"og:url\" content=\"https:\/\/kotaraoriginal.cz\/en\/paperweights\/\" \/>\n<meta property=\"og:site_name\" content=\"Kotara Original\" \/>\n<meta property=\"article:publisher\" content=\"https:\/\/www.facebook.com\/kotaraoriginal.cz\/\" \/>\n<meta name=\"twitter:card\" content=\"summary_large_image\" \/>\n<meta name=\"twitter:label1\" content=\"Est. reading time\" \/>\n\t<meta name=\"twitter:data1\" content=\"6 minutes\" \/>\n<script type=\"application\/ld+json\" class=\"yoast-schema-graph\">{\"@context\":\"https:\\\/\\\/schema.org\",\"@graph\":[{\"@type\":\"WebPage\",\"@id\":\"https:\\\/\\\/kotaraoriginal.cz\\\/en\\\/paperweights\\\/\",\"url\":\"https:\\\/\\\/kotaraoriginal.cz\\\/en\\\/paperweights\\\/\",\"name\":\"Paperweights &#8211; Kotara Original\",\"isPartOf\":{\"@id\":\"https:\\\/\\\/kotaraoriginal.cz\\\/en\\\/#website\"},\"datePublished\":\"2016-02-18T11:46:11+00:00\",\"breadcrumb\":{\"@id\":\"https:\\\/\\\/kotaraoriginal.cz\\\/en\\\/paperweights\\\/#breadcrumb\"},\"inLanguage\":\"en-US\",\"potentialAction\":[{\"@type\":\"ReadAction\",\"target\":[\"https:\\\/\\\/kotaraoriginal.cz\\\/en\\\/paperweights\\\/\"]}]},{\"@type\":\"BreadcrumbList\",\"@id\":\"https:\\\/\\\/kotaraoriginal.cz\\\/en\\\/paperweights\\\/#breadcrumb\",\"itemListElement\":[{\"@type\":\"ListItem\",\"position\":1,\"name\":\"Dom\u016f\",\"item\":\"https:\\\/\\\/kotaraoriginal.cz\\\/en\\\/\"},{\"@type\":\"ListItem\",\"position\":2,\"name\":\"Paperweights\"}]},{\"@type\":\"WebSite\",\"@id\":\"https:\\\/\\\/kotaraoriginal.cz\\\/en\\\/#website\",\"url\":\"https:\\\/\\\/kotaraoriginal.cz\\\/en\\\/\",\"name\":\"Ko\u0165ara\",\"description\":\"RAYZIST Photomask films, masksmaking, sandblasted logos on glass gifts\",\"publisher\":{\"@id\":\"https:\\\/\\\/kotaraoriginal.cz\\\/en\\\/#organization\"},\"alternateName\":\"UV-fotocitliv\u00e9 p\u00edskovac\u00ed f\u00f3lie RAYZIST Photomask\",\"potentialAction\":[{\"@type\":\"SearchAction\",\"target\":{\"@type\":\"EntryPoint\",\"urlTemplate\":\"https:\\\/\\\/kotaraoriginal.cz\\\/en\\\/?s={search_term_string}\"},\"query-input\":{\"@type\":\"PropertyValueSpecification\",\"valueRequired\":true,\"valueName\":\"search_term_string\"}}],\"inLanguage\":\"en-US\"},{\"@type\":\"Organization\",\"@id\":\"https:\\\/\\\/kotaraoriginal.cz\\\/en\\\/#organization\",\"name\":\"Kotara s.r.o. - UV-p\u00edskovac\u00ed foto-f\u00f3lie RAYZIST Photomask\",\"alternateName\":\"Kotara s.r.o.\",\"url\":\"https:\\\/\\\/kotaraoriginal.cz\\\/en\\\/\",\"logo\":{\"@type\":\"ImageObject\",\"inLanguage\":\"en-US\",\"@id\":\"https:\\\/\\\/kotaraoriginal.cz\\\/en\\\/#\\\/schema\\\/logo\\\/image\\\/\",\"url\":\"\",\"contentUrl\":\"\",\"caption\":\"Kotara s.r.o. - UV-p\u00edskovac\u00ed foto-f\u00f3lie RAYZIST Photomask\"},\"image\":{\"@id\":\"https:\\\/\\\/kotaraoriginal.cz\\\/en\\\/#\\\/schema\\\/logo\\\/image\\\/\"},\"sameAs\":[\"https:\\\/\\\/www.facebook.com\\\/kotaraoriginal.cz\\\/\",\"https:\\\/\\\/www.instagram.com\\\/kotaraoriginal\\\/\",\"https:\\\/\\\/www.linkedin.com\\\/company\\\/kotara-s.r.o.\",\"https:\\\/\\\/cz.pinterest.com\\\/kotaraoriginal\\\/\"]}]}<\/script>\n<!-- \/ Yoast SEO plugin. -->","yoast_head_json":{"title":"Paperweights &#8211; Kotara Original","robots":{"index":"index","follow":"follow","max-snippet":"max-snippet:-1","max-image-preview":"max-image-preview:large","max-video-preview":"max-video-preview:-1"},"canonical":"https:\/\/kotaraoriginal.cz\/en\/paperweights\/","og_locale":"en_US","og_type":"article","og_title":"Paperweights &#8211; Kotara Original","og_description":"[vc_row content_width=&#8221;grid&#8221; css=&#8221;.vc_custom_1456934246479{padding-top: 55px !important;padding-bottom: 46px !important;}&#8221;][vc_column][\/vc_column][\/vc_row][vc_row content_width=&#8221;grid&#8221; css=&#8221;.vc_custom_1457533139523{padding-bottom: 40px !important;}&#8221;][vc_column][vc_row_inner css=&#8221;.vc_custom_1456934156238{margin-right: -29px !important;margin-left: -29px !important;}&#8221;][vc_column_inner css=&#8221;.vc_custom_1456934050696{padding-right: 29px !important;padding-left: 29px !important;}&#8221; offset=&#8221;vc_col-md-4&#8243;][vc_column_text]Even the most beautiful memories fade over time. We offer you the option to preserve your memories beautiful for a lifetime \u2013 thanks to [&hellip;]","og_url":"https:\/\/kotaraoriginal.cz\/en\/paperweights\/","og_site_name":"Kotara Original","article_publisher":"https:\/\/www.facebook.com\/kotaraoriginal.cz\/","twitter_card":"summary_large_image","twitter_misc":{"Est. reading time":"6 minutes"},"schema":{"@context":"https:\/\/schema.org","@graph":[{"@type":"WebPage","@id":"https:\/\/kotaraoriginal.cz\/en\/paperweights\/","url":"https:\/\/kotaraoriginal.cz\/en\/paperweights\/","name":"Paperweights &#8211; Kotara Original","isPartOf":{"@id":"https:\/\/kotaraoriginal.cz\/en\/#website"},"datePublished":"2016-02-18T11:46:11+00:00","breadcrumb":{"@id":"https:\/\/kotaraoriginal.cz\/en\/paperweights\/#breadcrumb"},"inLanguage":"en-US","potentialAction":[{"@type":"ReadAction","target":["https:\/\/kotaraoriginal.cz\/en\/paperweights\/"]}]},{"@type":"BreadcrumbList","@id":"https:\/\/kotaraoriginal.cz\/en\/paperweights\/#breadcrumb","itemListElement":[{"@type":"ListItem","position":1,"name":"Dom\u016f","item":"https:\/\/kotaraoriginal.cz\/en\/"},{"@type":"ListItem","position":2,"name":"Paperweights"}]},{"@type":"WebSite","@id":"https:\/\/kotaraoriginal.cz\/en\/#website","url":"https:\/\/kotaraoriginal.cz\/en\/","name":"Ko\u0165ara","description":"RAYZIST Photomask films, masksmaking, sandblasted logos on glass gifts","publisher":{"@id":"https:\/\/kotaraoriginal.cz\/en\/#organization"},"alternateName":"UV-fotocitliv\u00e9 p\u00edskovac\u00ed f\u00f3lie RAYZIST Photomask","potentialAction":[{"@type":"SearchAction","target":{"@type":"EntryPoint","urlTemplate":"https:\/\/kotaraoriginal.cz\/en\/?s={search_term_string}"},"query-input":{"@type":"PropertyValueSpecification","valueRequired":true,"valueName":"search_term_string"}}],"inLanguage":"en-US"},{"@type":"Organization","@id":"https:\/\/kotaraoriginal.cz\/en\/#organization","name":"Kotara s.r.o. - UV-p\u00edskovac\u00ed foto-f\u00f3lie RAYZIST Photomask","alternateName":"Kotara s.r.o.","url":"https:\/\/kotaraoriginal.cz\/en\/","logo":{"@type":"ImageObject","inLanguage":"en-US","@id":"https:\/\/kotaraoriginal.cz\/en\/#\/schema\/logo\/image\/","url":"","contentUrl":"","caption":"Kotara s.r.o. - UV-p\u00edskovac\u00ed foto-f\u00f3lie RAYZIST Photomask"},"image":{"@id":"https:\/\/kotaraoriginal.cz\/en\/#\/schema\/logo\/image\/"},"sameAs":["https:\/\/www.facebook.com\/kotaraoriginal.cz\/","https:\/\/www.instagram.com\/kotaraoriginal\/","https:\/\/www.linkedin.com\/company\/kotara-s.r.o.","https:\/\/cz.pinterest.com\/kotaraoriginal\/"]}]}},"_links":{"self":[{"href":"https:\/\/kotaraoriginal.cz\/en\/wp-json\/wp\/v2\/pages\/6751","targetHints":{"allow":["GET"]}}],"collection":[{"href":"https:\/\/kotaraoriginal.cz\/en\/wp-json\/wp\/v2\/pages"}],"about":[{"href":"https:\/\/kotaraoriginal.cz\/en\/wp-json\/wp\/v2\/types\/page"}],"author":[{"embeddable":true,"href":"https:\/\/kotaraoriginal.cz\/en\/wp-json\/wp\/v2\/users\/2"}],"replies":[{"embeddable":true,"href":"https:\/\/kotaraoriginal.cz\/en\/wp-json\/wp\/v2\/comments?post=6751"}],"version-history":[{"count":0,"href":"https:\/\/kotaraoriginal.cz\/en\/wp-json\/wp\/v2\/pages\/6751\/revisions"}],"wp:attachment":[{"href":"https:\/\/kotaraoriginal.cz\/en\/wp-json\/wp\/v2\/media?parent=6751"}],"curies":[{"name":"wp","href":"https:\/\/api.w.org\/{rel}","templated":true}]}}